{"id":543,"date":"2025-05-08T12:16:22","date_gmt":"2025-05-08T12:16:22","guid":{"rendered":"https:\/\/voyoger.eu\/digitales-toolkit\/"},"modified":"2025-10-22T13:25:50","modified_gmt":"2025-10-22T13:25:50","slug":"digitales-toolkit","status":"publish","type":"page","link":"https:\/\/voyoger.eu\/de\/digitales-toolkit\/","title":{"rendered":"Digitales Toolkit"},"content":{"rendered":"\t\t<div data-elementor-type=\"wp-page\" data-elementor-id=\"543\" class=\"elementor elementor-543\" data-elementor-post-type=\"page\">\n\t\t\t\t\t\t<section class=\"elementor-section elementor-top-section elementor-element elementor-element-3176ba9 elementor-section-full_width elementor-section-height-default elementor-section-height-default\" data-id=\"3176ba9\" data-element_type=\"section\" data-settings=\"{&quot;background_background&quot;:&quot;classic&quot;}\">\n\t\t\t\t\t\t\t<div class=\"elementor-background-overlay\"><\/div>\n\t\t\t\t\t\t\t<div class=\"elementor-container elementor-column-gap-no\">\n\t\t\t\t\t<div class=\"elementor-column elementor-col-100 elementor-top-column elementor-element elementor-element-106705d3\" data-id=\"106705d3\" data-element_type=\"column\">\n\t\t\t<div class=\"elementor-widget-wrap elementor-element-populated\">\n\t\t\t\t\t\t\t<\/div>\n\t\t<\/div>\n\t\t\t\t\t<\/div>\n\t\t<\/section>\n\t\t\t\t<section class=\"elementor-section elementor-top-section elementor-element elementor-element-fd92ded elementor-section-boxed elementor-section-height-default elementor-section-height-default\" data-id=\"fd92ded\" data-element_type=\"section\" data-settings=\"{&quot;background_background&quot;:&quot;classic&quot;}\">\n\t\t\t\t\t\t\t<div class=\"elementor-background-overlay\"><\/div>\n\t\t\t\t\t\t\t<div class=\"elementor-container elementor-column-gap-no\">\n\t\t\t\t\t<div class=\"elementor-column elementor-col-100 elementor-top-column elementor-element elementor-element-701bbc8\" data-id=\"701bbc8\" data-element_type=\"column\">\n\t\t\t<div class=\"elementor-widget-wrap elementor-element-populated\">\n\t\t\t\t<div class=\"elementor-element elementor-element-fe89ece e-grid e-con-boxed e-con e-parent\" data-id=\"fe89ece\" data-element_type=\"container\">\n\t\t\t\t\t<div class=\"e-con-inner\">\n\t\t\t\t<div class=\"elementor-element elementor-element-1c3af92 elementor-widget elementor-widget-image\" data-id=\"1c3af92\" data-element_type=\"widget\" data-widget_type=\"image.default\">\n\t\t\t\t<div class=\"elementor-widget-container\">\n\t\t\t\t\t\t\t\t\t\t\t\t\t\t\t\t<a href=\"http:\/\/voyoger.eu\/wp-content\/uploads\/2025\/10\/almanya-training-module.pdf\">\n\t\t\t\t\t\t\t<img fetchpriority=\"high\" decoding=\"async\" width=\"724\" height=\"1024\" src=\"https:\/\/voyoger.eu\/wp-content\/uploads\/2025\/05\/Training-Modules-VF-VOYOGER-724x1024-1.jpg\" class=\"attachment-large size-large wp-image-156\" alt=\"\" srcset=\"https:\/\/voyoger.eu\/wp-content\/uploads\/2025\/05\/Training-Modules-VF-VOYOGER-724x1024-1.jpg 724w, https:\/\/voyoger.eu\/wp-content\/uploads\/2025\/05\/Training-Modules-VF-VOYOGER-724x1024-1-212x300.jpg 212w, https:\/\/voyoger.eu\/wp-content\/uploads\/2025\/05\/Training-Modules-VF-VOYOGER-724x1024-1-600x849.jpg 600w\" sizes=\"(max-width: 724px) 100vw, 724px\" \/>\t\t\t\t\t\t\t\t<\/a>\n\t\t\t\t\t\t\t\t\t\t\t\t\t\t\t<\/div>\n\t\t\t\t<\/div>\n\t\t\t\t<div class=\"elementor-element elementor-element-afa1fa9 elementor-widget elementor-widget-image\" data-id=\"afa1fa9\" data-element_type=\"widget\" data-widget_type=\"image.default\">\n\t\t\t\t<div class=\"elementor-widget-container\">\n\t\t\t\t\t\t\t\t\t\t\t\t\t\t\t\t<a href=\"http:\/\/voyoger.eu\/wp-content\/uploads\/2025\/10\/almanya-action-sheet.pdf\">\n\t\t\t\t\t\t\t<img decoding=\"async\" width=\"724\" height=\"1024\" src=\"https:\/\/voyoger.eu\/wp-content\/uploads\/2025\/05\/actions-sheets-VF-724x1024-1.jpg\" class=\"attachment-large size-large wp-image-157\" alt=\"\" srcset=\"https:\/\/voyoger.eu\/wp-content\/uploads\/2025\/05\/actions-sheets-VF-724x1024-1.jpg 724w, https:\/\/voyoger.eu\/wp-content\/uploads\/2025\/05\/actions-sheets-VF-724x1024-1-212x300.jpg 212w, https:\/\/voyoger.eu\/wp-content\/uploads\/2025\/05\/actions-sheets-VF-724x1024-1-600x849.jpg 600w\" sizes=\"(max-width: 724px) 100vw, 724px\" \/>\t\t\t\t\t\t\t\t<\/a>\n\t\t\t\t\t\t\t\t\t\t\t\t\t\t\t<\/div>\n\t\t\t\t<\/div>\n\t\t\t\t<div class=\"elementor-element elementor-element-084dc37 elementor-widget elementor-widget-image\" data-id=\"084dc37\" data-element_type=\"widget\" data-widget_type=\"image.default\">\n\t\t\t\t<div class=\"elementor-widget-container\">\n\t\t\t\t\t\t\t\t\t\t\t\t\t\t\t\t<a href=\"http:\/\/voyoger.eu\/wp-content\/uploads\/2025\/10\/almanya-infographic.pdf\">\n\t\t\t\t\t\t\t<img decoding=\"async\" width=\"724\" height=\"1024\" src=\"https:\/\/voyoger.eu\/wp-content\/uploads\/2025\/05\/actions-sheets-VF-Kopyasi-724x1024-1.jpg\" class=\"attachment-large size-large wp-image-158\" alt=\"\" srcset=\"https:\/\/voyoger.eu\/wp-content\/uploads\/2025\/05\/actions-sheets-VF-Kopyasi-724x1024-1.jpg 724w, https:\/\/voyoger.eu\/wp-content\/uploads\/2025\/05\/actions-sheets-VF-Kopyasi-724x1024-1-212x300.jpg 212w, https:\/\/voyoger.eu\/wp-content\/uploads\/2025\/05\/actions-sheets-VF-Kopyasi-724x1024-1-600x849.jpg 600w\" sizes=\"(max-width: 724px) 100vw, 724px\" \/>\t\t\t\t\t\t\t\t<\/a>\n\t\t\t\t\t\t\t\t\t\t\t\t\t\t\t<\/div>\n\t\t\t\t<\/div>\n\t\t\t\t<div class=\"elementor-element elementor-element-3d25533 elementor-widget elementor-widget-text-editor\" data-id=\"3d25533\" data-element_type=\"widget\" data-widget_type=\"text-editor.default\">\n\t\t\t\t<div class=\"elementor-widget-container\">\n\t\t\t\t\t\t\t\t\t<p><span dir=\"auto\">VOYOGER bietet\u00a0<\/span><strong><span dir=\"auto\">umfassende, sofort einsatzbereite Bildungsressourcen<\/span><\/strong><span dir=\"auto\">\u00a0f\u00fcr Lehrkr\u00e4fte und P\u00e4dagogen, die mit Sch\u00fclern arbeiten. Jedes Modul ist um eines der\u00a0<\/span><strong><span dir=\"auto\">f\u00fcnf zentralen Umweltthemen des Projekts herum aufgebaut, um\u00a0<\/span><\/strong><strong><span dir=\"auto\">kreative, interdisziplin\u00e4re und integrative Lehrmethoden<\/span><\/strong><span dir=\"auto\">\u00a0im Bereich der Nachhaltigkeitsbildung\u00a0zu f\u00f6rdern .<\/span><\/p><p><span dir=\"auto\">Die Trainingsmodule zielen darauf ab,<\/span><\/p><ul><li><span dir=\"auto\">Unterst\u00fctzen Sie P\u00e4dagogen dabei, Nachhaltigkeit in ihren Unterricht zu integrieren<\/span><\/li><li><span dir=\"auto\">F\u00f6rdern Sie innovative und kollaborative Lernans\u00e4tze<\/span><\/li><li><span dir=\"auto\">Stellen Sie zug\u00e4ngliche Tools bereit, die an verschiedene Unterrichtssituationen angepasst werden k\u00f6nnen<\/span><\/li><li><span dir=\"auto\">Inspirieren Sie Sch\u00fcler, sich auf sinnvolle Weise mit Umweltthemen auseinanderzusetzen<\/span><\/li><\/ul><p><span dir=\"auto\">Durch die Einbettung von Nachhaltigkeit in das allt\u00e4gliche Lernen statten die Schulungsmodule\u00a0<\/span><strong><span dir=\"auto\">die n\u00e4chste Generation mit dem Wissen und den F\u00e4higkeiten aus, die sie zur Gestaltung einer nachhaltigen Zukunft ben\u00f6tigt.<\/span><\/strong><\/p>\t\t\t\t\t\t\t\t<\/div>\n\t\t\t\t<\/div>\n\t\t\t\t<div class=\"elementor-element elementor-element-5d957ed elementor-widget elementor-widget-text-editor\" data-id=\"5d957ed\" data-element_type=\"widget\" data-widget_type=\"text-editor.default\">\n\t\t\t\t<div class=\"elementor-widget-container\">\n\t\t\t\t\t\t\t\t\t<p><strong><span dir=\"auto\">Die Aktionsbl\u00e4tter<\/span><\/strong><span dir=\"auto\">\u00a0von VOYOGER\u00a0verwandeln Lernen in\u00a0<\/span><strong><span dir=\"auto\">praktische Auswirkungen in der Welt . Diese druckbaren Leitf\u00e4den sind f\u00fcr Klassenzimmer und Sch\u00fcler konzipiert, um\u00a0<\/span><\/strong><strong><span dir=\"auto\">praktische Nachhaltigkeitsprojekte<\/span><\/strong><span dir=\"auto\">\u00a0durchzuf\u00fchren\u00a0, die einen Unterschied machen.<\/span><\/p><p><span dir=\"auto\">Jedes Aktionsblatt ermutigt junge Lernende,\u00a0<\/span><strong><span dir=\"auto\">kleine, aber bedeutsame Schritte<\/span><\/strong><span dir=\"auto\">\u00a0zu mehr Umweltverantwortung zu unternehmen \u2013 in der Schule, zu Hause oder in ihrer Gemeinde. Durch die Betrachtung von Beispielen f\u00fcr Aktionen, Projekte und Aktivit\u00e4ten, die bereits positive Auswirkungen haben, werden die Sch\u00fcler dazu inspiriert, selbst Ver\u00e4nderungen herbeizuf\u00fchren.<\/span><\/p><p><span dir=\"auto\">Mit Aktionsbl\u00e4ttern k\u00f6nnen Sch\u00fcler:<\/span><\/p><ul><li><span dir=\"auto\">Wenden Sie das im Unterricht erworbene Wissen auf reale Herausforderungen an<\/span><\/li><li><span dir=\"auto\">Zusammenarbeit an Projekten, die ihren Gemeinden zugute kommen<\/span><\/li><li><span dir=\"auto\">Entdecken Sie praktische M\u00f6glichkeiten, nachhaltiger zu leben<\/span><\/li><li><span dir=\"auto\">Bauen Sie Vertrauen auf, indem Sie sich aktiv am Klimaschutz beteiligen<\/span><\/li><\/ul><p><strong><span dir=\"auto\">Kleine Schritte f\u00fchren zu gro\u00dfen Ver\u00e4nderungen \u2013 und die Aktionsbl\u00e4tter helfen den Sch\u00fclern dabei, den Weg zu weisen.<\/span><\/strong><\/p>\t\t\t\t\t\t\t\t<\/div>\n\t\t\t\t<\/div>\n\t\t\t\t<div class=\"elementor-element elementor-element-ba16d5b elementor-widget elementor-widget-text-editor\" data-id=\"ba16d5b\" data-element_type=\"widget\" data-widget_type=\"text-editor.default\">\n\t\t\t\t<div class=\"elementor-widget-container\">\n\t\t\t\t\t\t\t\t\t<p><span dir=\"auto\">VOYOGER\u00a0<\/span><strong><span dir=\"auto\">-Infografiken<\/span><\/strong><span dir=\"auto\">\u00a0pr\u00e4sentieren komplexe Umweltthemen in einem\u00a0<\/span><strong><span dir=\"auto\">klaren, zug\u00e4nglichen und visuell ansprechenden Format<\/span><\/strong><span dir=\"auto\">\u00a0. Jede Infografik fasst\u00a0<\/span><strong><span dir=\"auto\">wichtige Fakten, Statistiken und Erkenntnisse<\/span><\/strong><span dir=\"auto\">\u00a0zu den Umweltthemen des Projekts zusammen und unterst\u00fctzt so eine effektive Nachhaltigkeitsbildung f\u00fcr junge Lernende.<\/span><\/p><p><span dir=\"auto\">Sie eignen sich besonders f\u00fcr:<\/span><\/p><ul><li><strong><span dir=\"auto\">Unterricht im Klassenzimmer<\/span><\/strong><span dir=\"auto\">\u00a0\u2013 als visuelle Ressource zur Unterst\u00fctzung von Unterricht und Diskussionen<\/span><\/li><li><strong><span dir=\"auto\">Online-Lernumgebungen<\/span><\/strong><span dir=\"auto\">\u00a0\u2013 gemeinsam nutzbare Materialien, die die digitale Bildung verbessern<\/span><\/li><li><strong><span dir=\"auto\">Selbstgesteuertes Lernen<\/span><\/strong><span dir=\"auto\">\u00a0\u2013 pr\u00e4gnante Referenzen, die den Sch\u00fclern helfen, wesentliche Konzepte zu verstehen<\/span><\/li><\/ul><p><span dir=\"auto\">Durch die Vereinfachung von Themen wie\u00a0<\/span><strong><span dir=\"auto\">Klimawandel, Umweltverschmutzung und Verlust der Artenvielfalt<\/span><\/strong><span dir=\"auto\">\u00a0machen diese Infografiken wichtige Informationen verst\u00e4ndlicher und einpr\u00e4gsamer und ermutigen die Sch\u00fcler, Wissen mit Handeln zu verkn\u00fcpfen.<\/span><\/p>\t\t\t\t\t\t\t\t<\/div>\n\t\t\t\t<\/div>\n\t\t\t\t<div class=\"elementor-element elementor-element-998a5cf elementor-align-justify elementor-widget elementor-widget-button\" data-id=\"998a5cf\" data-element_type=\"widget\" data-widget_type=\"button.default\">\n\t\t\t\t<div class=\"elementor-widget-container\">\n\t\t\t\t\t\t\t\t\t<div class=\"elementor-button-wrapper\">\n\t\t\t\t\t<a class=\"elementor-button elementor-button-link elementor-size-sm\" href=\"http:\/\/voyoger.eu\/wp-content\/uploads\/2025\/10\/almanya-training-module.pdf\">\n\t\t\t\t\t\t<span class=\"elementor-button-content-wrapper\">\n\t\t\t\t\t\t\t\t\t<span class=\"elementor-button-text\">Download Now<\/span>\n\t\t\t\t\t<\/span>\n\t\t\t\t\t<\/a>\n\t\t\t\t<\/div>\n\t\t\t\t\t\t\t\t<\/div>\n\t\t\t\t<\/div>\n\t\t\t\t<div class=\"elementor-element elementor-element-a62ff70 elementor-align-justify elementor-widget elementor-widget-button\" data-id=\"a62ff70\" data-element_type=\"widget\" data-widget_type=\"button.default\">\n\t\t\t\t<div class=\"elementor-widget-container\">\n\t\t\t\t\t\t\t\t\t<div class=\"elementor-button-wrapper\">\n\t\t\t\t\t<a class=\"elementor-button elementor-button-link elementor-size-sm\" href=\"http:\/\/voyoger.eu\/wp-content\/uploads\/2025\/10\/almanya-action-sheet.pdf\">\n\t\t\t\t\t\t<span class=\"elementor-button-content-wrapper\">\n\t\t\t\t\t\t\t\t\t<span class=\"elementor-button-text\">Download Now<\/span>\n\t\t\t\t\t<\/span>\n\t\t\t\t\t<\/a>\n\t\t\t\t<\/div>\n\t\t\t\t\t\t\t\t<\/div>\n\t\t\t\t<\/div>\n\t\t\t\t<div class=\"elementor-element elementor-element-2369623 elementor-align-justify elementor-widget elementor-widget-button\" data-id=\"2369623\" data-element_type=\"widget\" data-widget_type=\"button.default\">\n\t\t\t\t<div class=\"elementor-widget-container\">\n\t\t\t\t\t\t\t\t\t<div class=\"elementor-button-wrapper\">\n\t\t\t\t\t<a class=\"elementor-button elementor-button-link elementor-size-sm\" href=\"http:\/\/voyoger.eu\/wp-content\/uploads\/2025\/10\/almanya-infographic.pdf\">\n\t\t\t\t\t\t<span class=\"elementor-button-content-wrapper\">\n\t\t\t\t\t\t\t\t\t<span class=\"elementor-button-text\">Download Now<\/span>\n\t\t\t\t\t<\/span>\n\t\t\t\t\t<\/a>\n\t\t\t\t<\/div>\n\t\t\t\t\t\t\t\t<\/div>\n\t\t\t\t<\/div>\n\t\t\t\t\t<\/div>\n\t\t\t\t<\/div>\n\t\t\t\t\t<\/div>\n\t\t<\/div>\n\t\t\t\t\t<\/div>\n\t\t<\/section>\n\t\t\t\t<\/div>\n\t\t","protected":false},"excerpt":{"rendered":"<p>VOYOGER bietet\u00a0umfassende, sofort einsatzbereite Bildungsressourcen\u00a0f\u00fcr Lehrkr\u00e4fte und P\u00e4dagogen, die mit Sch\u00fclern arbeiten. Jedes Modul ist um eines der\u00a0f\u00fcnf zentralen Umweltthemen des Projekts herum aufgebaut, um\u00a0kreative, interdisziplin\u00e4re und integrative Lehrmethoden\u00a0im Bereich der Nachhaltigkeitsbildung\u00a0zu f\u00f6rdern . Die Trainingsmodule zielen darauf ab, Unterst\u00fctzen Sie P\u00e4dagogen dabei, Nachhaltigkeit in ihren Unterricht zu integrieren F\u00f6rdern Sie innovative und kollaborative Lernans\u00e4tze&#8230;<\/p>\n","protected":false},"author":1,"featured_media":0,"parent":0,"menu_order":0,"comment_status":"closed","ping_status":"closed","template":"","meta":[],"class_list":["post-543","page","type-page","status-publish","hentry"],"aioseo_notices":[],"_links":{"self":[{"href":"https:\/\/voyoger.eu\/de\/wp-json\/wp\/v2\/pages\/543","targetHints":{"allow":["GET"]}}],"collection":[{"href":"https:\/\/voyoger.eu\/de\/wp-json\/wp\/v2\/pages"}],"about":[{"href":"https:\/\/voyoger.eu\/de\/wp-json\/wp\/v2\/types\/page"}],"author":[{"embeddable":true,"href":"https:\/\/voyoger.eu\/de\/wp-json\/wp\/v2\/users\/1"}],"replies":[{"embeddable":true,"href":"https:\/\/voyoger.eu\/de\/wp-json\/wp\/v2\/comments?post=543"}],"version-history":[{"count":12,"href":"https:\/\/voyoger.eu\/de\/wp-json\/wp\/v2\/pages\/543\/revisions"}],"predecessor-version":[{"id":9170,"href":"https:\/\/voyoger.eu\/de\/wp-json\/wp\/v2\/pages\/543\/revisions\/9170"}],"wp:attachment":[{"href":"https:\/\/voyoger.eu\/de\/wp-json\/wp\/v2\/media?parent=543"}],"curies":[{"name":"wp","href":"https:\/\/api.w.org\/{rel}","templated":true}]}}