{"id":996,"date":"2025-08-30T13:07:25","date_gmt":"2025-08-30T13:07:25","guid":{"rendered":"https:\/\/voyoger.eu\/partnerschaft\/"},"modified":"2025-08-30T13:36:11","modified_gmt":"2025-08-30T13:36:11","slug":"partnerschaft","status":"publish","type":"page","link":"https:\/\/voyoger.eu\/de\/partnerschaft\/","title":{"rendered":"PARTNERSCHAFT"},"content":{"rendered":"\t\t<div data-elementor-type=\"wp-page\" data-elementor-id=\"996\" class=\"elementor elementor-996\" data-elementor-post-type=\"page\">\n\t\t\t\t\t\t<section class=\"elementor-section elementor-top-section elementor-element elementor-element-42e0014 elementor-section-full_width elementor-section-height-default elementor-section-height-default\" data-id=\"42e0014\" data-element_type=\"section\" data-settings=\"{&quot;background_background&quot;:&quot;classic&quot;}\">\n\t\t\t\t\t\t\t<div class=\"elementor-background-overlay\"><\/div>\n\t\t\t\t\t\t\t<div class=\"elementor-container elementor-column-gap-no\">\n\t\t\t\t\t<div class=\"elementor-column elementor-col-100 elementor-top-column elementor-element elementor-element-63a2c83\" data-id=\"63a2c83\" data-element_type=\"column\">\n\t\t\t<div class=\"elementor-widget-wrap elementor-element-populated\">\n\t\t\t\t\t\t\t<\/div>\n\t\t<\/div>\n\t\t\t\t\t<\/div>\n\t\t<\/section>\n\t\t<div class=\"elementor-element elementor-element-3d1370c e-grid e-con-boxed e-con e-parent\" data-id=\"3d1370c\" data-element_type=\"container\">\n\t\t\t\t\t<div class=\"e-con-inner\">\n\t\t<div class=\"elementor-element elementor-element-ccc8c1d e-con-full e-flex e-con e-child\" data-id=\"ccc8c1d\" data-element_type=\"container\">\n\t\t\t\t<div class=\"elementor-element elementor-element-d7c1ea2 elementor-widget elementor-widget-image\" data-id=\"d7c1ea2\" data-element_type=\"widget\" data-widget_type=\"image.default\">\n\t\t\t\t<div class=\"elementor-widget-container\">\n\t\t\t\t\t\t\t\t\t\t\t\t\t\t\t<img decoding=\"async\" width=\"108\" height=\"70\" src=\"https:\/\/voyoger.eu\/wp-content\/uploads\/2025\/08\/Resim1.png\" class=\"attachment-large size-large wp-image-951\" alt=\"\" \/>\t\t\t\t\t\t\t\t\t\t\t\t\t\t\t<\/div>\n\t\t\t\t<\/div>\n\t\t\t\t<div class=\"elementor-element elementor-element-f03df00 elementor-widget elementor-widget-text-editor\" data-id=\"f03df00\" data-element_type=\"widget\" data-widget_type=\"text-editor.default\">\n\t\t\t\t<div class=\"elementor-widget-container\">\n\t\t\t\t\t\t\t\t\t<p><span lang=\"EN-US\">Ecocene ist ein gemeinn\u00fctziger Verein mit Sitz in Pau, Frankreich. Der Verein steht der Wissenschaft nahe und hat sich zum Ziel gesetzt, das Bewusstsein f\u00fcr Umweltprobleme zu sch\u00e4rfen. Seit \u00fcber 20 Jahren arbeitet ein multidisziplin\u00e4res Team mit Schulen, Unternehmen und lokalen Beh\u00f6rden zusammen. Das Team schl\u00e4gt Aktionsideen und konkrete L\u00f6sungen vor, die an die lokalen Gegebenheiten angepasst sind. Das Hauptziel von Ecoc\u00e8ne ist es, alle Menschen f\u00fcr die Qualit\u00e4t ihres Lebensumfelds zu sensibilisieren, ihr Verantwortungsbewusstsein zu st\u00e4rken und sie zur Mitwirkung zu bewegen, um so konkrete Schritte in Richtung einer nachhaltigen Entwicklung auf lokaler Ebene zu unternehmen.<\/span><\/p>\t\t\t\t\t\t\t\t<\/div>\n\t\t\t\t<\/div>\n\t\t\t\t<div class=\"elementor-element elementor-element-0b29730 elementor-align-justify elementor-widget elementor-widget-button\" data-id=\"0b29730\" data-element_type=\"widget\" data-widget_type=\"button.default\">\n\t\t\t\t<div class=\"elementor-widget-container\">\n\t\t\t\t\t\t\t\t\t<div class=\"elementor-button-wrapper\">\n\t\t\t\t\t<a class=\"elementor-button elementor-button-link elementor-size-sm\" href=\"http:\/\/www.ecocene.fr\">\n\t\t\t\t\t\t<span class=\"elementor-button-content-wrapper\">\n\t\t\t\t\t\t\t\t\t<span class=\"elementor-button-text\">Website<\/span>\n\t\t\t\t\t<\/span>\n\t\t\t\t\t<\/a>\n\t\t\t\t<\/div>\n\t\t\t\t\t\t\t\t<\/div>\n\t\t\t\t<\/div>\n\t\t\t\t<\/div>\n\t\t<div class=\"elementor-element elementor-element-09176d3 e-con-full e-flex e-con e-child\" data-id=\"09176d3\" data-element_type=\"container\">\n\t\t\t\t<div class=\"elementor-element elementor-element-9798480 elementor-widget elementor-widget-image\" data-id=\"9798480\" data-element_type=\"widget\" data-widget_type=\"image.default\">\n\t\t\t\t<div class=\"elementor-widget-container\">\n\t\t\t\t\t\t\t\t\t\t\t\t\t\t\t<img decoding=\"async\" width=\"150\" height=\"47\" src=\"https:\/\/voyoger.eu\/wp-content\/uploads\/2025\/08\/Resim2.png\" class=\"attachment-large size-large wp-image-957\" alt=\"\" \/>\t\t\t\t\t\t\t\t\t\t\t\t\t\t\t<\/div>\n\t\t\t\t<\/div>\n\t\t\t\t<div class=\"elementor-element elementor-element-4996cfa elementor-widget elementor-widget-text-editor\" data-id=\"4996cfa\" data-element_type=\"widget\" data-widget_type=\"text-editor.default\">\n\t\t\t\t<div class=\"elementor-widget-container\">\n\t\t\t\t\t\t\t\t\t<p><span lang=\"EN-US\">Das Balkan Institute for Innovative Development (BIID) ist auf die Entwicklung und Verwaltung von europ\u00e4ischen Kultur- und Bildungsprojekten spezialisiert. Sein Ziel ist es, Innovation zu f\u00f6rdern (neue Bildungsmethoden, Ergebnisse usw. zu schaffen), zu inspirieren (die Entstehung neuer Ideen zu unterst\u00fctzen) und innovative Ideen in die Praxis umzusetzen.<\/span><\/p>\t\t\t\t\t\t\t\t<\/div>\n\t\t\t\t<\/div>\n\t\t\t\t<div class=\"elementor-element elementor-element-76e66f5 elementor-align-justify elementor-widget elementor-widget-button\" data-id=\"76e66f5\" data-element_type=\"widget\" data-widget_type=\"button.default\">\n\t\t\t\t<div class=\"elementor-widget-container\">\n\t\t\t\t\t\t\t\t\t<div class=\"elementor-button-wrapper\">\n\t\t\t\t\t<a class=\"elementor-button elementor-button-link elementor-size-sm\" href=\"http:\/\/www.balkan.institute\">\n\t\t\t\t\t\t<span class=\"elementor-button-content-wrapper\">\n\t\t\t\t\t\t\t\t\t<span class=\"elementor-button-text\">Website<\/span>\n\t\t\t\t\t<\/span>\n\t\t\t\t\t<\/a>\n\t\t\t\t<\/div>\n\t\t\t\t\t\t\t\t<\/div>\n\t\t\t\t<\/div>\n\t\t\t\t<\/div>\n\t\t<div class=\"elementor-element elementor-element-0b9ba6a e-con-full e-flex e-con e-child\" data-id=\"0b9ba6a\" data-element_type=\"container\">\n\t\t\t\t<div class=\"elementor-element elementor-element-f01239a elementor-widget elementor-widget-image\" data-id=\"f01239a\" data-element_type=\"widget\" data-widget_type=\"image.default\">\n\t\t\t\t<div class=\"elementor-widget-container\">\n\t\t\t\t\t\t\t\t\t\t\t\t\t\t\t<img decoding=\"async\" width=\"91\" height=\"59\" src=\"https:\/\/voyoger.eu\/wp-content\/uploads\/2025\/08\/Resim3.png\" class=\"attachment-large size-large wp-image-963\" alt=\"\" \/>\t\t\t\t\t\t\t\t\t\t\t\t\t\t\t<\/div>\n\t\t\t\t<\/div>\n\t\t\t\t<div class=\"elementor-element elementor-element-9d0430c elementor-widget elementor-widget-text-editor\" data-id=\"9d0430c\" data-element_type=\"widget\" data-widget_type=\"text-editor.default\">\n\t\t\t\t<div class=\"elementor-widget-container\">\n\t\t\t\t\t\t\t\t\t<p><span lang=\"EN-US\">Das Austrian Education and Social Innovation Centre (ESICA) ist eine zivilgesellschaftliche Forschungseinrichtung mit Sitz in Wien, \u00d6sterreich. ESICA befasst sich mit der Erforschung und Umsetzung von Projekten in den Bereichen Soziales, Kultur, Bildung, Umwelt, Jugend und Technologie, die durch Innovation einen Einfluss auf die Gesellschaft haben. Es tr\u00e4gt zur Konzeption und Verbreitung von gesellschaftlich akzeptierten und nachhaltigen Innovationen bei, um globale Herausforderungen zu bew\u00e4ltigen, und bietet innovative Forschungs-, Bildungs- und Beratungsdienstleistungen an.<\/span><\/p>\t\t\t\t\t\t\t\t<\/div>\n\t\t\t\t<\/div>\n\t\t\t\t<div class=\"elementor-element elementor-element-223fd29 elementor-align-justify elementor-widget elementor-widget-button\" data-id=\"223fd29\" data-element_type=\"widget\" data-widget_type=\"button.default\">\n\t\t\t\t<div class=\"elementor-widget-container\">\n\t\t\t\t\t\t\t\t\t<div class=\"elementor-button-wrapper\">\n\t\t\t\t\t<a class=\"elementor-button elementor-button-link elementor-size-sm\" href=\"http:\/\/www.esica-wien.at\">\n\t\t\t\t\t\t<span class=\"elementor-button-content-wrapper\">\n\t\t\t\t\t\t\t\t\t<span class=\"elementor-button-text\">Website<\/span>\n\t\t\t\t\t<\/span>\n\t\t\t\t\t<\/a>\n\t\t\t\t<\/div>\n\t\t\t\t\t\t\t\t<\/div>\n\t\t\t\t<\/div>\n\t\t\t\t<\/div>\n\t\t<div class=\"elementor-element elementor-element-a2eefd0 e-con-full e-flex e-con e-child\" data-id=\"a2eefd0\" data-element_type=\"container\">\n\t\t\t\t<div class=\"elementor-element elementor-element-3a73193 elementor-widget elementor-widget-image\" data-id=\"3a73193\" data-element_type=\"widget\" data-widget_type=\"image.default\">\n\t\t\t\t<div class=\"elementor-widget-container\">\n\t\t\t\t\t\t\t\t\t\t\t\t\t\t\t<img loading=\"lazy\" decoding=\"async\" width=\"147\" height=\"54\" src=\"https:\/\/voyoger.eu\/wp-content\/uploads\/2025\/08\/Resim4.png\" class=\"attachment-large size-large wp-image-969\" alt=\"\" \/>\t\t\t\t\t\t\t\t\t\t\t\t\t\t\t<\/div>\n\t\t\t\t<\/div>\n\t\t\t\t<div class=\"elementor-element elementor-element-dd2e5c8 elementor-widget elementor-widget-text-editor\" data-id=\"dd2e5c8\" data-element_type=\"widget\" data-widget_type=\"text-editor.default\">\n\t\t\t\t<div class=\"elementor-widget-container\">\n\t\t\t\t\t\t\t\t\t<p><span lang=\"EN-US\">Das Institut f\u00fcr Unternehmensentwicklung (iED) ist eine 2005 gegr\u00fcndete Forschungseinrichtung, die sich der F\u00f6rderung von Innovation und der Entwicklung des Unternehmergeistes verschrieben hat. Das Institut betrachtet Unternehmertum als einen entscheidenden Faktor f\u00fcr die Entwicklung und das Zusammenleben von Gesellschaften und f\u00f6rdert die Besch\u00e4ftigung sowie innovative L\u00f6sungen, die das Wachstum eines gesunden Unternehmertums erleichtern.<\/span><\/p>\t\t\t\t\t\t\t\t<\/div>\n\t\t\t\t<\/div>\n\t\t\t\t<div class=\"elementor-element elementor-element-3af77db elementor-align-justify elementor-widget elementor-widget-button\" data-id=\"3af77db\" data-element_type=\"widget\" data-widget_type=\"button.default\">\n\t\t\t\t<div class=\"elementor-widget-container\">\n\t\t\t\t\t\t\t\t\t<div class=\"elementor-button-wrapper\">\n\t\t\t\t\t<a class=\"elementor-button elementor-button-link elementor-size-sm\" href=\"http:\/\/www.ied.edu\">\n\t\t\t\t\t\t<span class=\"elementor-button-content-wrapper\">\n\t\t\t\t\t\t\t\t\t<span class=\"elementor-button-text\">Website<\/span>\n\t\t\t\t\t<\/span>\n\t\t\t\t\t<\/a>\n\t\t\t\t<\/div>\n\t\t\t\t\t\t\t\t<\/div>\n\t\t\t\t<\/div>\n\t\t\t\t<\/div>\n\t\t<div class=\"elementor-element elementor-element-b02c505 e-con-full e-flex e-con e-child\" data-id=\"b02c505\" data-element_type=\"container\">\n\t\t\t\t<div class=\"elementor-element elementor-element-31d3804 elementor-widget elementor-widget-image\" data-id=\"31d3804\" data-element_type=\"widget\" data-widget_type=\"image.default\">\n\t\t\t\t<div class=\"elementor-widget-container\">\n\t\t\t\t\t\t\t\t\t\t\t\t\t\t\t<img loading=\"lazy\" decoding=\"async\" width=\"159\" height=\"38\" src=\"https:\/\/voyoger.eu\/wp-content\/uploads\/2025\/08\/Resim5.png\" class=\"attachment-large size-large wp-image-975\" alt=\"\" \/>\t\t\t\t\t\t\t\t\t\t\t\t\t\t\t<\/div>\n\t\t\t\t<\/div>\n\t\t\t\t<div class=\"elementor-element elementor-element-027aa10 elementor-widget elementor-widget-text-editor\" data-id=\"027aa10\" data-element_type=\"widget\" data-widget_type=\"text-editor.default\">\n\t\t\t\t<div class=\"elementor-widget-container\">\n\t\t\t\t\t\t\t\t\t<p><span lang=\"EN-US\">Pistes-Solidaires ist eine zivilgesellschaftliche Organisation, die sich f\u00fcr die F\u00f6rderung von Bildung und aktiven Methoden einsetzt. Denn wir glauben, dass Bildung attraktiv, konkret und f\u00fcr das Leben au\u00dferhalb der Schule relevant sein kann und einen Bezug zu den Problemen unserer Welt haben kann. Und Bildung bedeutet f\u00fcr uns auch, zu lernen, widerstandsf\u00e4hig zu sein, ein verantwortungsbewusster B\u00fcrger zu sein, sich an Ver\u00e4nderungen anzupassen, lokale Probleme mit globalen Ursachen zu erkennen und zu l\u00f6sen, andere Kulturen mit Respekt zu begegnen und eine friedliche und nachhaltige Gesellschaft aufzubauen.<\/span><\/p>\t\t\t\t\t\t\t\t<\/div>\n\t\t\t\t<\/div>\n\t\t\t\t<div class=\"elementor-element elementor-element-d5d597c elementor-align-justify elementor-widget elementor-widget-button\" data-id=\"d5d597c\" data-element_type=\"widget\" data-widget_type=\"button.default\">\n\t\t\t\t<div class=\"elementor-widget-container\">\n\t\t\t\t\t\t\t\t\t<div class=\"elementor-button-wrapper\">\n\t\t\t\t\t<a class=\"elementor-button elementor-button-link elementor-size-sm\" href=\"http:\/\/www.pistes-solidaire.fr\">\n\t\t\t\t\t\t<span class=\"elementor-button-content-wrapper\">\n\t\t\t\t\t\t\t\t\t<span class=\"elementor-button-text\">Website<\/span>\n\t\t\t\t\t<\/span>\n\t\t\t\t\t<\/a>\n\t\t\t\t<\/div>\n\t\t\t\t\t\t\t\t<\/div>\n\t\t\t\t<\/div>\n\t\t\t\t<\/div>\n\t\t<div class=\"elementor-element elementor-element-a69a826 e-con-full e-flex e-con e-child\" data-id=\"a69a826\" data-element_type=\"container\">\n\t\t\t\t<div class=\"elementor-element elementor-element-72ed4f2 elementor-widget elementor-widget-image\" data-id=\"72ed4f2\" data-element_type=\"widget\" data-widget_type=\"image.default\">\n\t\t\t\t<div class=\"elementor-widget-container\">\n\t\t\t\t\t\t\t\t\t\t\t\t\t\t\t<img loading=\"lazy\" decoding=\"async\" width=\"245\" height=\"281\" src=\"https:\/\/voyoger.eu\/wp-content\/uploads\/2025\/08\/Resim6.png\" class=\"attachment-large size-large wp-image-981\" alt=\"\" \/>\t\t\t\t\t\t\t\t\t\t\t\t\t\t\t<\/div>\n\t\t\t\t<\/div>\n\t\t\t\t<div class=\"elementor-element elementor-element-0aa1b5b elementor-widget elementor-widget-text-editor\" data-id=\"0aa1b5b\" data-element_type=\"widget\" data-widget_type=\"text-editor.default\">\n\t\t\t\t<div class=\"elementor-widget-container\">\n\t\t\t\t\t\t\t\t\t<p><span lang=\"EN-US\">Die Eurasia Research and Development Institute Association ist eine gemeinn\u00fctzige Organisation mit Sitz in Bursa, T\u00fcrkei, die sich zum Ziel gesetzt hat, junge Menschen dabei zu unterst\u00fctzen, eine Vorreiterrolle beim \u00dcbergang zu einer digitaleren und umweltfreundlicheren Zukunft zu \u00fcbernehmen. EURASIA f\u00f6rdert Umweltbewusstsein, gr\u00fcne Kompetenzen und aktive B\u00fcrgerschaft durch spannende Technologien, innovative Bildungsprogramme und E-Learning-Tools. Die Vereinigung integriert Nachhaltigkeitsbildung mit digitaler Innovation und hilft jungen Menschen dabei, Wissen in konkrete Ma\u00dfnahmen umzusetzen. Auf diese Weise k\u00f6nnen junge Menschen L\u00f6sungen f\u00fcr nachhaltige Entwicklung und Klimawandel lernen, sich freiwillig engagieren und diese weiterentwickeln.<\/span><\/p>\t\t\t\t\t\t\t\t<\/div>\n\t\t\t\t<\/div>\n\t\t\t\t<div class=\"elementor-element elementor-element-a2fd4bb elementor-align-justify elementor-widget elementor-widget-button\" data-id=\"a2fd4bb\" data-element_type=\"widget\" data-widget_type=\"button.default\">\n\t\t\t\t<div class=\"elementor-widget-container\">\n\t\t\t\t\t\t\t\t\t<div class=\"elementor-button-wrapper\">\n\t\t\t\t\t<a class=\"elementor-button elementor-button-link elementor-size-sm\" href=\"https:\/\/eurasiavision.eu\/\">\n\t\t\t\t\t\t<span class=\"elementor-button-content-wrapper\">\n\t\t\t\t\t\t\t\t\t<span class=\"elementor-button-text\">Website<\/span>\n\t\t\t\t\t<\/span>\n\t\t\t\t\t<\/a>\n\t\t\t\t<\/div>\n\t\t\t\t\t\t\t\t<\/div>\n\t\t\t\t<\/div>\n\t\t\t\t<\/div>\n\t\t\t\t\t<\/div>\n\t\t\t\t<\/div>\n\t\t\t\t<\/div>\n\t\t","protected":false},"excerpt":{"rendered":"<p>Ecocene ist ein gemeinn\u00fctziger Verein mit Sitz in Pau, Frankreich. Der Verein steht der Wissenschaft nahe und hat sich zum Ziel gesetzt, das Bewusstsein f\u00fcr Umweltprobleme zu sch\u00e4rfen. Seit \u00fcber 20 Jahren arbeitet ein multidisziplin\u00e4res Team mit Schulen, Unternehmen und lokalen Beh\u00f6rden zusammen. Das Team schl\u00e4gt Aktionsideen und konkrete L\u00f6sungen vor, die an die lokalen&#8230;<\/p>\n","protected":false},"author":13,"featured_media":0,"parent":0,"menu_order":0,"comment_status":"closed","ping_status":"closed","template":"","meta":[],"class_list":["post-996","page","type-page","status-publish","hentry"],"aioseo_notices":[],"_links":{"self":[{"href":"https:\/\/voyoger.eu\/de\/wp-json\/wp\/v2\/pages\/996","targetHints":{"allow":["GET"]}}],"collection":[{"href":"https:\/\/voyoger.eu\/de\/wp-json\/wp\/v2\/pages"}],"about":[{"href":"https:\/\/voyoger.eu\/de\/wp-json\/wp\/v2\/types\/page"}],"author":[{"embeddable":true,"href":"https:\/\/voyoger.eu\/de\/wp-json\/wp\/v2\/users\/13"}],"replies":[{"embeddable":true,"href":"https:\/\/voyoger.eu\/de\/wp-json\/wp\/v2\/comments?post=996"}],"version-history":[{"count":6,"href":"https:\/\/voyoger.eu\/de\/wp-json\/wp\/v2\/pages\/996\/revisions"}],"predecessor-version":[{"id":1067,"href":"https:\/\/voyoger.eu\/de\/wp-json\/wp\/v2\/pages\/996\/revisions\/1067"}],"wp:attachment":[{"href":"https:\/\/voyoger.eu\/de\/wp-json\/wp\/v2\/media?parent=996"}],"curies":[{"name":"wp","href":"https:\/\/api.w.org\/{rel}","templated":true}]}}