{"id":542,"date":"2025-05-08T12:16:22","date_gmt":"2025-05-08T12:16:22","guid":{"rendered":"https:\/\/voyoger.eu\/boite-a-outils-numerique\/"},"modified":"2025-10-22T11:00:34","modified_gmt":"2025-10-22T11:00:34","slug":"boite-a-outils-numerique","status":"publish","type":"page","link":"https:\/\/voyoger.eu\/fr\/boite-a-outils-numerique\/","title":{"rendered":"Bo\u00eete \u00e0 outils num\u00e9rique"},"content":{"rendered":"\t\t<div data-elementor-type=\"wp-page\" data-elementor-id=\"542\" class=\"elementor elementor-542\" data-elementor-post-type=\"page\">\n\t\t\t\t\t\t<section class=\"elementor-section elementor-top-section elementor-element elementor-element-3176ba9 elementor-section-full_width elementor-section-height-default elementor-section-height-default\" data-id=\"3176ba9\" data-element_type=\"section\" data-settings=\"{&quot;background_background&quot;:&quot;classic&quot;}\">\n\t\t\t\t\t\t\t<div class=\"elementor-background-overlay\"><\/div>\n\t\t\t\t\t\t\t<div class=\"elementor-container elementor-column-gap-no\">\n\t\t\t\t\t<div class=\"elementor-column elementor-col-100 elementor-top-column elementor-element elementor-element-106705d3\" data-id=\"106705d3\" data-element_type=\"column\">\n\t\t\t<div class=\"elementor-widget-wrap elementor-element-populated\">\n\t\t\t\t\t\t\t<\/div>\n\t\t<\/div>\n\t\t\t\t\t<\/div>\n\t\t<\/section>\n\t\t\t\t<section class=\"elementor-section elementor-top-section elementor-element elementor-element-c61ebc3 elementor-section-boxed elementor-section-height-default elementor-section-height-default\" data-id=\"c61ebc3\" data-element_type=\"section\" data-settings=\"{&quot;background_background&quot;:&quot;classic&quot;}\">\n\t\t\t\t\t\t\t<div class=\"elementor-background-overlay\"><\/div>\n\t\t\t\t\t\t\t<div class=\"elementor-container elementor-column-gap-no\">\n\t\t\t\t\t<div class=\"elementor-column elementor-col-100 elementor-top-column elementor-element elementor-element-e8b5336\" data-id=\"e8b5336\" data-element_type=\"column\">\n\t\t\t<div class=\"elementor-widget-wrap elementor-element-populated\">\n\t\t\t\t<div class=\"elementor-element elementor-element-fe55ada e-grid e-con-boxed e-con e-parent\" data-id=\"fe55ada\" data-element_type=\"container\">\n\t\t\t\t\t<div class=\"e-con-inner\">\n\t\t\t\t<div class=\"elementor-element elementor-element-4ed07cb elementor-widget elementor-widget-image\" data-id=\"4ed07cb\" data-element_type=\"widget\" data-widget_type=\"image.default\">\n\t\t\t\t<div class=\"elementor-widget-container\">\n\t\t\t\t\t\t\t\t\t\t\t\t\t\t\t\t<a href=\"http:\/\/voyoger.eu\/wp-content\/uploads\/2025\/10\/training-modules-french.pdf\">\n\t\t\t\t\t\t\t<img fetchpriority=\"high\" decoding=\"async\" width=\"724\" height=\"1024\" src=\"https:\/\/voyoger.eu\/wp-content\/uploads\/2025\/05\/Training-Modules-VF-VOYOGER-724x1024-1.jpg\" class=\"attachment-large size-large wp-image-156\" alt=\"\" srcset=\"https:\/\/voyoger.eu\/wp-content\/uploads\/2025\/05\/Training-Modules-VF-VOYOGER-724x1024-1.jpg 724w, https:\/\/voyoger.eu\/wp-content\/uploads\/2025\/05\/Training-Modules-VF-VOYOGER-724x1024-1-212x300.jpg 212w, https:\/\/voyoger.eu\/wp-content\/uploads\/2025\/05\/Training-Modules-VF-VOYOGER-724x1024-1-600x849.jpg 600w\" sizes=\"(max-width: 724px) 100vw, 724px\" \/>\t\t\t\t\t\t\t\t<\/a>\n\t\t\t\t\t\t\t\t\t\t\t\t\t\t\t<\/div>\n\t\t\t\t<\/div>\n\t\t\t\t<div class=\"elementor-element elementor-element-90d40a4 elementor-widget elementor-widget-image\" data-id=\"90d40a4\" data-element_type=\"widget\" data-widget_type=\"image.default\">\n\t\t\t\t<div class=\"elementor-widget-container\">\n\t\t\t\t\t\t\t\t\t\t\t\t\t\t\t\t<a href=\"http:\/\/voyoger.eu\/wp-content\/uploads\/2025\/10\/action-sheet-french-1.pdf\">\n\t\t\t\t\t\t\t<img decoding=\"async\" width=\"724\" height=\"1024\" src=\"https:\/\/voyoger.eu\/wp-content\/uploads\/2025\/05\/actions-sheets-VF-724x1024-1.jpg\" class=\"attachment-large size-large wp-image-157\" alt=\"\" srcset=\"https:\/\/voyoger.eu\/wp-content\/uploads\/2025\/05\/actions-sheets-VF-724x1024-1.jpg 724w, https:\/\/voyoger.eu\/wp-content\/uploads\/2025\/05\/actions-sheets-VF-724x1024-1-212x300.jpg 212w, https:\/\/voyoger.eu\/wp-content\/uploads\/2025\/05\/actions-sheets-VF-724x1024-1-600x849.jpg 600w\" sizes=\"(max-width: 724px) 100vw, 724px\" \/>\t\t\t\t\t\t\t\t<\/a>\n\t\t\t\t\t\t\t\t\t\t\t\t\t\t\t<\/div>\n\t\t\t\t<\/div>\n\t\t\t\t<div class=\"elementor-element elementor-element-502a071 elementor-widget elementor-widget-image\" data-id=\"502a071\" data-element_type=\"widget\" data-widget_type=\"image.default\">\n\t\t\t\t<div class=\"elementor-widget-container\">\n\t\t\t\t\t\t\t\t\t\t\t\t\t\t\t\t<a href=\"http:\/\/voyoger.eu\/wp-content\/uploads\/2025\/10\/infographic-french-1.pdf\">\n\t\t\t\t\t\t\t<img decoding=\"async\" width=\"724\" height=\"1024\" src=\"https:\/\/voyoger.eu\/wp-content\/uploads\/2025\/05\/actions-sheets-VF-Kopyasi-724x1024-1.jpg\" class=\"attachment-large size-large wp-image-158\" alt=\"\" srcset=\"https:\/\/voyoger.eu\/wp-content\/uploads\/2025\/05\/actions-sheets-VF-Kopyasi-724x1024-1.jpg 724w, https:\/\/voyoger.eu\/wp-content\/uploads\/2025\/05\/actions-sheets-VF-Kopyasi-724x1024-1-212x300.jpg 212w, https:\/\/voyoger.eu\/wp-content\/uploads\/2025\/05\/actions-sheets-VF-Kopyasi-724x1024-1-600x849.jpg 600w\" sizes=\"(max-width: 724px) 100vw, 724px\" \/>\t\t\t\t\t\t\t\t<\/a>\n\t\t\t\t\t\t\t\t\t\t\t\t\t\t\t<\/div>\n\t\t\t\t<\/div>\n\t\t\t\t<div class=\"elementor-element elementor-element-37cabde elementor-widget elementor-widget-text-editor\" data-id=\"37cabde\" data-element_type=\"widget\" data-widget_type=\"text-editor.default\">\n\t\t\t\t<div class=\"elementor-widget-container\">\n\t\t\t\t\t\t\t\t\t<p><span dir=\"auto\">VOYOGER propose\u00a0<\/span><strong><span dir=\"auto\">des ressources p\u00e9dagogiques compl\u00e8tes et pr\u00eates \u00e0 l&#8217;emploi,<\/span><\/strong><span dir=\"auto\">\u00a0con\u00e7ues pour les enseignants et les \u00e9ducateurs travaillant avec des \u00e9l\u00e8ves. Chaque module s&rsquo;articule autour de l&rsquo;un des\u00a0<\/span><strong><span dir=\"auto\">cinq th\u00e8mes environnementaux centraux<\/span><\/strong><span dir=\"auto\">\u00a0du projet afin de promouvoir\u00a0<\/span><strong><span dir=\"auto\">des pratiques p\u00e9dagogiques cr\u00e9atives, interdisciplinaires et inclusives<\/span><\/strong><span dir=\"auto\">\u00a0dans le domaine de l&rsquo;\u00e9ducation au d\u00e9veloppement durable.<\/span><\/p><p><span dir=\"auto\">Les modules de formation visent \u00e0<\/span><\/p><ul><li><span dir=\"auto\">Aider les \u00e9ducateurs \u00e0 int\u00e9grer la durabilit\u00e9 dans leur enseignement<\/span><\/li><li><span dir=\"auto\">Encourager les approches d&rsquo;apprentissage innovantes et collaboratives<\/span><\/li><li><span dir=\"auto\">Fournir des outils accessibles et adaptables \u00e0 diff\u00e9rents contextes de classe<\/span><\/li><li><span dir=\"auto\">Inspirer les \u00e9tudiants \u00e0 s&rsquo;engager de mani\u00e8re significative dans les questions environnementales<\/span><\/li><\/ul><p><span dir=\"auto\">En int\u00e9grant la durabilit\u00e9 dans l\u2019apprentissage quotidien, les modules de formation\u00a0<\/span><strong><span dir=\"auto\">fournissent \u00e0 la prochaine g\u00e9n\u00e9ration les connaissances et les comp\u00e9tences dont elle a besoin pour fa\u00e7onner un avenir durable.<\/span><\/strong><\/p>\t\t\t\t\t\t\t\t<\/div>\n\t\t\t\t<\/div>\n\t\t\t\t<div class=\"elementor-element elementor-element-c737934 elementor-widget elementor-widget-text-editor\" data-id=\"c737934\" data-element_type=\"widget\" data-widget_type=\"text-editor.default\">\n\t\t\t\t<div class=\"elementor-widget-container\">\n\t\t\t\t\t\t\t\t\t<p><strong><span dir=\"auto\">Les fiches d&rsquo;action<\/span><\/strong><span dir=\"auto\">\u00a0de VOYOGER\u00a0transforment l&rsquo;apprentissage en\u00a0<\/span><strong><span dir=\"auto\">impact concret<\/span><\/strong><span dir=\"auto\">\u00a0. Ces guides imprimables sont con\u00e7us pour permettre aux classes et aux \u00e9l\u00e8ves de r\u00e9aliser\u00a0<\/span><strong><span dir=\"auto\">des projets concrets de d\u00e9veloppement durable<\/span><\/strong><span dir=\"auto\">\u00a0qui font la diff\u00e9rence.<\/span><\/p><p><span dir=\"auto\">Chaque fiche d&rsquo;action encourage les jeunes \u00e9l\u00e8ves \u00e0 poser\u00a0<\/span><strong><span dir=\"auto\">des gestes simples mais significatifs<\/span><\/strong><span dir=\"auto\">\u00a0\u2013 \u00e0 l&rsquo;\u00e9cole, \u00e0 la maison ou dans leur communaut\u00e9 \u2013 pour une plus grande responsabilit\u00e9 environnementale. En explorant des exemples d&rsquo;actions, de projets et d&rsquo;activit\u00e9s ayant d\u00e9j\u00e0 un impact positif, les \u00e9l\u00e8ves sont incit\u00e9s \u00e0 agir eux-m\u00eames.<\/span><\/p><p><span dir=\"auto\">Avec les fiches d\u2019action, les \u00e9l\u00e8ves peuvent :<\/span><\/p><ul><li><span dir=\"auto\">Appliquer les connaissances acquises en classe aux d\u00e9fis de la vie r\u00e9elle<\/span><\/li><li><span dir=\"auto\">Collaborer sur des projets qui profitent \u00e0 leurs communaut\u00e9s<\/span><\/li><li><span dir=\"auto\">D\u00e9couvrez des moyens pratiques pour vivre de mani\u00e8re plus durable<\/span><\/li><li><span dir=\"auto\">Renforcer la confiance en tant que participants actifs \u00e0 l&rsquo;action climatique<\/span><\/li><\/ul><p><strong><span dir=\"auto\">Les petits pas s\u2019additionnent pour produire de grands changements, et les fiches d\u2019action aident les \u00e9l\u00e8ves \u00e0 montrer la voie.<\/span><\/strong><\/p>\t\t\t\t\t\t\t\t<\/div>\n\t\t\t\t<\/div>\n\t\t\t\t<div class=\"elementor-element elementor-element-eb54963 elementor-widget elementor-widget-text-editor\" data-id=\"eb54963\" data-element_type=\"widget\" data-widget_type=\"text-editor.default\">\n\t\t\t\t<div class=\"elementor-widget-container\">\n\t\t\t\t\t\t\t\t\t<p><strong><span dir=\"auto\">Les infographies<\/span><\/strong><span dir=\"auto\">\u00a0VOYOGER\u00a0pr\u00e9sentent des sujets environnementaux complexes dans un\u00a0<\/span><strong><span dir=\"auto\">format clair, accessible et visuellement attrayant<\/span><\/strong><span dir=\"auto\">\u00a0. Chaque infographie r\u00e9sume\u00a0<\/span><strong><span dir=\"auto\">les faits, statistiques et perspectives cl\u00e9s<\/span><\/strong><span dir=\"auto\">\u00a0des th\u00e8mes environnementaux du projet, favorisant ainsi une \u00e9ducation efficace au d\u00e9veloppement durable pour les jeunes apprenants.<\/span><\/p><p><span dir=\"auto\">Ils sont particuli\u00e8rement adapt\u00e9s pour :<\/span><\/p><ul><li><strong><span dir=\"auto\">Enseignement en classe<\/span><\/strong><span dir=\"auto\">\u00a0\u2013 comme ressources visuelles pour soutenir les le\u00e7ons et les discussions<\/span><\/li><li><strong><span dir=\"auto\">Environnements d\u2019apprentissage en ligne<\/span><\/strong><span dir=\"auto\">\u00a0\u2013 des ressources partageables qui am\u00e9liorent l\u2019\u00e9ducation num\u00e9rique<\/span><\/li><li><strong><span dir=\"auto\">Apprentissage autodirig\u00e9<\/span><\/strong><span dir=\"auto\">\u00a0\u2013 r\u00e9f\u00e9rences concises qui aident les \u00e9tudiants \u00e0 saisir les concepts essentiels<\/span><\/li><\/ul><p><span dir=\"auto\">En simplifiant des questions telles que\u00a0<\/span><strong><span dir=\"auto\">le changement climatique, la pollution et la perte de biodiversit\u00e9<\/span><\/strong><span dir=\"auto\">\u00a0, ces infographies rendent les informations importantes plus compr\u00e9hensibles et m\u00e9morables, encourageant les \u00e9tudiants \u00e0 relier les connaissances \u00e0 l\u2019action.<\/span><\/p>\t\t\t\t\t\t\t\t<\/div>\n\t\t\t\t<\/div>\n\t\t\t\t<div class=\"elementor-element elementor-element-090cc44 elementor-align-justify elementor-widget elementor-widget-button\" data-id=\"090cc44\" data-element_type=\"widget\" data-widget_type=\"button.default\">\n\t\t\t\t<div class=\"elementor-widget-container\">\n\t\t\t\t\t\t\t\t\t<div class=\"elementor-button-wrapper\">\n\t\t\t\t\t<a class=\"elementor-button elementor-button-link elementor-size-sm\" href=\"http:\/\/voyoger.eu\/wp-content\/uploads\/2025\/10\/training-modules-french.pdf\">\n\t\t\t\t\t\t<span class=\"elementor-button-content-wrapper\">\n\t\t\t\t\t\t\t\t\t<span class=\"elementor-button-text\">Download Now<\/span>\n\t\t\t\t\t<\/span>\n\t\t\t\t\t<\/a>\n\t\t\t\t<\/div>\n\t\t\t\t\t\t\t\t<\/div>\n\t\t\t\t<\/div>\n\t\t\t\t<div class=\"elementor-element elementor-element-848a78c elementor-align-justify elementor-widget elementor-widget-button\" data-id=\"848a78c\" data-element_type=\"widget\" data-widget_type=\"button.default\">\n\t\t\t\t<div class=\"elementor-widget-container\">\n\t\t\t\t\t\t\t\t\t<div class=\"elementor-button-wrapper\">\n\t\t\t\t\t<a class=\"elementor-button elementor-button-link elementor-size-sm\" href=\"http:\/\/voyoger.eu\/wp-content\/uploads\/2025\/10\/action-sheet-french-1.pdf\">\n\t\t\t\t\t\t<span class=\"elementor-button-content-wrapper\">\n\t\t\t\t\t\t\t\t\t<span class=\"elementor-button-text\">Download Now<\/span>\n\t\t\t\t\t<\/span>\n\t\t\t\t\t<\/a>\n\t\t\t\t<\/div>\n\t\t\t\t\t\t\t\t<\/div>\n\t\t\t\t<\/div>\n\t\t\t\t<div class=\"elementor-element elementor-element-c3da209 elementor-align-justify elementor-widget elementor-widget-button\" data-id=\"c3da209\" data-element_type=\"widget\" data-widget_type=\"button.default\">\n\t\t\t\t<div class=\"elementor-widget-container\">\n\t\t\t\t\t\t\t\t\t<div class=\"elementor-button-wrapper\">\n\t\t\t\t\t<a class=\"elementor-button elementor-button-link elementor-size-sm\" href=\"http:\/\/voyoger.eu\/wp-content\/uploads\/2025\/10\/infographic-french-1.pdf\">\n\t\t\t\t\t\t<span class=\"elementor-button-content-wrapper\">\n\t\t\t\t\t\t\t\t\t<span class=\"elementor-button-text\">Download Now<\/span>\n\t\t\t\t\t<\/span>\n\t\t\t\t\t<\/a>\n\t\t\t\t<\/div>\n\t\t\t\t\t\t\t\t<\/div>\n\t\t\t\t<\/div>\n\t\t\t\t\t<\/div>\n\t\t\t\t<\/div>\n\t\t\t\t\t<\/div>\n\t\t<\/div>\n\t\t\t\t\t<\/div>\n\t\t<\/section>\n\t\t\t\t<\/div>\n\t\t","protected":false},"excerpt":{"rendered":"<p>VOYOGER propose\u00a0des ressources p\u00e9dagogiques compl\u00e8tes et pr\u00eates \u00e0 l&#8217;emploi,\u00a0con\u00e7ues pour les enseignants et les \u00e9ducateurs travaillant avec des \u00e9l\u00e8ves. Chaque module s&rsquo;articule autour de l&rsquo;un des\u00a0cinq th\u00e8mes environnementaux centraux\u00a0du projet afin de promouvoir\u00a0des pratiques p\u00e9dagogiques cr\u00e9atives, interdisciplinaires et inclusives\u00a0dans le domaine de l&rsquo;\u00e9ducation au d\u00e9veloppement durable. Les modules de formation visent \u00e0 Aider les \u00e9ducateurs&#8230;<\/p>\n","protected":false},"author":1,"featured_media":0,"parent":0,"menu_order":0,"comment_status":"closed","ping_status":"closed","template":"","meta":[],"class_list":["post-542","page","type-page","status-publish","hentry"],"aioseo_notices":[],"_links":{"self":[{"href":"https:\/\/voyoger.eu\/fr\/wp-json\/wp\/v2\/pages\/542","targetHints":{"allow":["GET"]}}],"collection":[{"href":"https:\/\/voyoger.eu\/fr\/wp-json\/wp\/v2\/pages"}],"about":[{"href":"https:\/\/voyoger.eu\/fr\/wp-json\/wp\/v2\/types\/page"}],"author":[{"embeddable":true,"href":"https:\/\/voyoger.eu\/fr\/wp-json\/wp\/v2\/users\/1"}],"replies":[{"embeddable":true,"href":"https:\/\/voyoger.eu\/fr\/wp-json\/wp\/v2\/comments?post=542"}],"version-history":[{"count":18,"href":"https:\/\/voyoger.eu\/fr\/wp-json\/wp\/v2\/pages\/542\/revisions"}],"predecessor-version":[{"id":9082,"href":"https:\/\/voyoger.eu\/fr\/wp-json\/wp\/v2\/pages\/542\/revisions\/9082"}],"wp:attachment":[{"href":"https:\/\/voyoger.eu\/fr\/wp-json\/wp\/v2\/media?parent=542"}],"curies":[{"name":"wp","href":"https:\/\/api.w.org\/{rel}","templated":true}]}}