{"id":565,"date":"2025-05-08T12:07:53","date_gmt":"2025-05-08T12:07:53","guid":{"rendered":"https:\/\/voyoger.eu\/environment-and-climate-change-toolkit\/"},"modified":"2025-10-18T13:43:24","modified_gmt":"2025-10-18T13:43:24","slug":"environment-and-climate-change-toolkit","status":"publish","type":"page","link":"https:\/\/voyoger.eu\/fr\/environment-and-climate-change-toolkit\/","title":{"rendered":"E-Learning"},"content":{"rendered":"\t\t<div data-elementor-type=\"wp-page\" data-elementor-id=\"565\" class=\"elementor elementor-565\" data-elementor-post-type=\"page\">\n\t\t\t\t\t\t<section class=\"elementor-section elementor-top-section elementor-element elementor-element-22efe6e2 elementor-section-full_width elementor-section-height-default elementor-section-height-default\" data-id=\"22efe6e2\" data-element_type=\"section\" data-settings=\"{&quot;background_background&quot;:&quot;classic&quot;}\">\n\t\t\t\t\t\t\t<div class=\"elementor-background-overlay\"><\/div>\n\t\t\t\t\t\t\t<div class=\"elementor-container elementor-column-gap-no\">\n\t\t\t\t\t<div class=\"elementor-column elementor-col-100 elementor-top-column elementor-element elementor-element-2b29fe7b\" data-id=\"2b29fe7b\" data-element_type=\"column\">\n\t\t\t<div class=\"elementor-widget-wrap elementor-element-populated\">\n\t\t\t\t\t\t\t<\/div>\n\t\t<\/div>\n\t\t\t\t\t<\/div>\n\t\t<\/section>\n\t\t<div class=\"elementor-element elementor-element-c5667ce e-flex e-con-boxed e-con e-parent\" data-id=\"c5667ce\" data-element_type=\"container\">\n\t\t\t\t\t<div class=\"e-con-inner\">\n\t\t\t\t<div class=\"elementor-element elementor-element-0d2d37e elementor-widget elementor-widget-text-editor\" data-id=\"0d2d37e\" data-element_type=\"widget\" data-widget_type=\"text-editor.default\">\n\t\t\t\t<div class=\"elementor-widget-container\">\n\t\t\t\t\t\t\t\t\t<h3><span dir=\"auto\">Introduction \u00e0 l&rsquo;apprentissage en ligne<\/span><\/h3>\n<p><span dir=\"auto\">Bienvenue sur la&nbsp;<\/span><strong><span dir=\"auto\">plateforme d&rsquo;apprentissage en ligne Project Voyager<\/span><\/strong><span dir=\"auto\">&nbsp;, o\u00f9 les jeunes peuvent explorer et agir sur les d\u00e9fis environnementaux et climatiques d&rsquo;aujourd&rsquo;hui !&nbsp;<\/span><span dir=\"auto\">Le programme en ligne est structur\u00e9 autour de&nbsp;<\/span><strong><span dir=\"auto\">cinq th\u00e8mes environnementaux cl\u00e9s<\/span><\/strong><span dir=\"auto\">&nbsp;, offrant des le\u00e7ons interactives et des activit\u00e9s pratiques pour vous aider \u00e0 comprendre la durabilit\u00e9, le changement climatique et les pratiques \u00e9cologiques.&nbsp;<\/span><span dir=\"auto\">Avant de commencer les cours, les participants sont invit\u00e9s \u00e0&nbsp;<\/span><strong><span dir=\"auto\">s&rsquo;inscrire en ligne<\/span><\/strong><span dir=\"auto\">&nbsp;et \u00e0 r\u00e9pondre \u00e0 un&nbsp;<\/span><strong><span dir=\"auto\">court questionnaire<\/span><\/strong><span dir=\"auto\">&nbsp;pour v\u00e9rifier leurs connaissances. Cela permet \u00e0 chacun de suivre ses progr\u00e8s et de consolider ses acquis.&nbsp;<\/span><span dir=\"auto\">\u00c0 la fin du programme, les apprenants qui auront compl\u00e9t\u00e9 les cinq th\u00e8mes recevront un&nbsp;<\/span><strong><span dir=\"auto\">certificat officiel du Projet Voyager<\/span><\/strong><span dir=\"auto\">&nbsp;, reconnaissant leurs nouvelles comp\u00e9tences et leur engagement envers l&rsquo;action environnementale.&nbsp;<\/span><span dir=\"auto\">Rejoignez-nous pour&nbsp;<\/span><strong><span dir=\"auto\">apprendre, vous engager et devenir un citoyen actif<\/span><\/strong><span dir=\"auto\">&nbsp;qui fa\u00e7onne un avenir plus vert et plus durable !<\/span><\/p>\t\t\t\t\t\t\t\t<\/div>\n\t\t\t\t<\/div>\n\t\t\t\t\t<\/div>\n\t\t\t\t<\/div>\n\t\t<div class=\"elementor-element elementor-element-78895a6 e-flex e-con-boxed e-con e-parent\" data-id=\"78895a6\" data-element_type=\"container\">\n\t\t\t\t\t<div class=\"e-con-inner\">\n\t\t\t\t<div class=\"elementor-element elementor-element-eaefab2 elementor-widget elementor-widget-etlms-course-list tutor-addon etlms-course-list\" data-id=\"eaefab2\" data-element_type=\"widget\" data-widget_type=\"etlms-course-list.default\">\n\t\t\t\t<div class=\"elementor-widget-container\">\n\t\t\t\t\t<div class=\"tutor-wrap tutor-courses-wrap tutor-container etlms-course-list-main-wrap\">\n\t\t\t\t\t<div class=\"etlms-course-list-loop-wrap tutor-course-list tutor-grid tutor-grid-1\">\n\t\t\t\t\t\t\t<div class=\"etlms-course-list-col\">\n\t\t\t\t\t<div class=\"tutor-card tutor-course-card tutor-loop-course-container  etlms-has-hover-animation\">\n\t<div class=\"tutor-row tutor-gx-0\">\n\t\t<div class=\"tutor-col-lg-4\">\n\t\t\t        <div class=\"tutor-course-thumbnail\">\n        <a href=\"https:\/\/voyoger.eu\/el\/?p=9376\" class=\"tutor-d-block\">\n            <div class=\"tutor-ratio tutor-ratio-4x3\">\n                <img decoding=\"async\" class=\"tutor-card-image-top\" src=\"https:\/\/voyoger.eu\/wp-content\/uploads\/2025\/11\/WhatsApp-Image-2025-11-03-at-15.48.50.jpeg\" alt=\"Environment and Climate Change Toolkit\" loading=\"lazy\">\n            <\/div>\n        <\/a>\n    <\/div>\n\t\t<\/div>\n\n\t\t<div class=\"tutor-col-lg-8 tutor-d-flex tutor-flex-column\">\n\t\t\t<div class=\"tutor-card-body\">\n\t\t\t\t<h3 class=\"tutor-course-name tutor-fs-5 tutor-fw-medium tutor-mb-12\" title=\"Environment and Climate Change Toolkit\">\n    <a href=\"https:\/\/voyoger.eu\/el\/?p=9376\">Environment and Climate Change Toolkit<\/a>\n<\/h3>\n\t\t\t<\/div>\n\n\t\t\t<div class=\"tutor-card-footer\">\n    <div class=\"tutor-course-list-btn\"><a href=\"https:\/\/voyoger.eu\/el\/?p=9376\" class=\"tutor-btn tutor-btn-outline-primary tutor-btn-md tutor-btn-block tutor-open-login-modal\">Inscription au cours<\/a><\/div><\/div>\n\t\t<\/div>\n\t<\/div>\n<\/div>\n\t\t\t\t<\/div>\n\t\t\t\t\t\t\t<div class=\"etlms-course-list-col\">\n\t\t\t\t\t<div class=\"tutor-card tutor-course-card tutor-loop-course-container  etlms-has-hover-animation\">\n\t<div class=\"tutor-row tutor-gx-0\">\n\t\t<div class=\"tutor-col-lg-4\">\n\t\t\t        <div class=\"tutor-course-thumbnail\">\n        <a href=\"https:\/\/voyoger.eu\/?p=212\" class=\"tutor-d-block\">\n            <div class=\"tutor-ratio tutor-ratio-4x3\">\n                <img decoding=\"async\" class=\"tutor-card-image-top\" src=\"https:\/\/voyoger.eu\/wp-content\/uploads\/2025\/11\/WhatsApp-Image-2025-11-03-at-15.48.50.jpeg\" alt=\"Environment and Climate Change Toolkit\" loading=\"lazy\">\n            <\/div>\n        <\/a>\n    <\/div>\n\t\t<\/div>\n\n\t\t<div class=\"tutor-col-lg-8 tutor-d-flex tutor-flex-column\">\n\t\t\t<div class=\"tutor-card-body\">\n\t\t\t\t<h3 class=\"tutor-course-name tutor-fs-5 tutor-fw-medium tutor-mb-12\" title=\"Environment and Climate Change Toolkit\">\n    <a href=\"https:\/\/voyoger.eu\/?p=212\">Environment and Climate Change Toolkit<\/a>\n<\/h3>\n\t\t\t<\/div>\n\n\t\t\t<div class=\"tutor-card-footer\">\n    <div class=\"tutor-course-list-btn\"><a href=\"https:\/\/voyoger.eu\/?p=212\" class=\"tutor-btn tutor-btn-outline-primary tutor-btn-md tutor-btn-block tutor-open-login-modal\">Inscription au cours<\/a><\/div><\/div>\n\t\t<\/div>\n\t<\/div>\n<\/div>\n\t\t\t\t<\/div>\n\t\t\t\t\t\t\t<div class=\"etlms-course-list-col\">\n\t\t\t\t\t<div class=\"tutor-card tutor-course-card tutor-loop-course-container  etlms-has-hover-animation\">\n\t<div class=\"tutor-row tutor-gx-0\">\n\t\t<div class=\"tutor-col-lg-4\">\n\t\t\t        <div class=\"tutor-course-thumbnail\">\n        <a href=\"https:\/\/voyoger.eu\/tr\/?p=9272\" class=\"tutor-d-block\">\n            <div class=\"tutor-ratio tutor-ratio-4x3\">\n                <img decoding=\"async\" class=\"tutor-card-image-top\" src=\"https:\/\/voyoger.eu\/wp-content\/uploads\/2025\/11\/WhatsApp-Image-2025-11-03-at-15.48.50.jpeg\" alt=\"Environment and Climate Change Toolkit\" loading=\"lazy\">\n            <\/div>\n        <\/a>\n    <\/div>\n\t\t<\/div>\n\n\t\t<div class=\"tutor-col-lg-8 tutor-d-flex tutor-flex-column\">\n\t\t\t<div class=\"tutor-card-body\">\n\t\t\t\t<h3 class=\"tutor-course-name tutor-fs-5 tutor-fw-medium tutor-mb-12\" title=\"Environment and Climate Change Toolkit\">\n    <a href=\"https:\/\/voyoger.eu\/tr\/?p=9272\">Environment and Climate Change Toolkit<\/a>\n<\/h3>\n\t\t\t<\/div>\n\n\t\t\t<div class=\"tutor-card-footer\">\n    <div class=\"tutor-course-list-btn\"><a href=\"https:\/\/voyoger.eu\/tr\/?p=9272\" class=\"tutor-btn tutor-btn-outline-primary tutor-btn-md tutor-btn-block tutor-open-login-modal\">Inscription au cours<\/a><\/div><\/div>\n\t\t<\/div>\n\t<\/div>\n<\/div>\n\t\t\t\t<\/div>\n\t\t\t\t\t\t\t<div class=\"etlms-course-list-col\">\n\t\t\t\t\t<div class=\"tutor-card tutor-course-card tutor-loop-course-container  etlms-has-hover-animation\">\n\t<div class=\"tutor-row tutor-gx-0\">\n\t\t<div class=\"tutor-col-lg-4\">\n\t\t\t        <div class=\"tutor-course-thumbnail\">\n        <a href=\"https:\/\/voyoger.eu\/bg\/?p=9373\" class=\"tutor-d-block\">\n            <div class=\"tutor-ratio tutor-ratio-4x3\">\n                <img decoding=\"async\" class=\"tutor-card-image-top\" src=\"https:\/\/voyoger.eu\/wp-content\/uploads\/2025\/11\/WhatsApp-Image-2025-11-03-at-15.48.50.jpeg\" alt=\"Environment and Climate Change Toolkit\" loading=\"lazy\">\n            <\/div>\n        <\/a>\n    <\/div>\n\t\t<\/div>\n\n\t\t<div class=\"tutor-col-lg-8 tutor-d-flex tutor-flex-column\">\n\t\t\t<div class=\"tutor-card-body\">\n\t\t\t\t<h3 class=\"tutor-course-name tutor-fs-5 tutor-fw-medium tutor-mb-12\" title=\"Environment and Climate Change Toolkit\">\n    <a href=\"https:\/\/voyoger.eu\/bg\/?p=9373\">Environment and Climate Change Toolkit<\/a>\n<\/h3>\n\t\t\t<\/div>\n\n\t\t\t<div class=\"tutor-card-footer\">\n    <div class=\"tutor-course-list-btn\"><a href=\"https:\/\/voyoger.eu\/bg\/?p=9373\" class=\"tutor-btn tutor-btn-outline-primary tutor-btn-md tutor-btn-block tutor-open-login-modal\">Inscription au cours<\/a><\/div><\/div>\n\t\t<\/div>\n\t<\/div>\n<\/div>\n\t\t\t\t<\/div>\n\t\t\t\t\t\t\t<div class=\"etlms-course-list-col\">\n\t\t\t\t\t<div class=\"tutor-card tutor-course-card tutor-loop-course-container  etlms-has-hover-animation\">\n\t<div class=\"tutor-row tutor-gx-0\">\n\t\t<div class=\"tutor-col-lg-4\">\n\t\t\t        <div class=\"tutor-course-thumbnail\">\n        <a href=\"https:\/\/voyoger.eu\/fr\/?p=9374\" class=\"tutor-d-block\">\n            <div class=\"tutor-ratio tutor-ratio-4x3\">\n                <img decoding=\"async\" class=\"tutor-card-image-top\" src=\"https:\/\/voyoger.eu\/wp-content\/uploads\/2025\/11\/WhatsApp-Image-2025-11-03-at-15.48.50.jpeg\" alt=\"Bo\u00eete \u00e0 outils pour l&rsquo;environnement et les changements climatiques\" loading=\"lazy\">\n            <\/div>\n        <\/a>\n    <\/div>\n\t\t<\/div>\n\n\t\t<div class=\"tutor-col-lg-8 tutor-d-flex tutor-flex-column\">\n\t\t\t<div class=\"tutor-card-body\">\n\t\t\t\t<h3 class=\"tutor-course-name tutor-fs-5 tutor-fw-medium tutor-mb-12\" title=\"Bo\u00eete \u00e0 outils pour l&rsquo;environnement et les changements climatiques\">\n    <a href=\"https:\/\/voyoger.eu\/fr\/?p=9374\">Bo\u00eete \u00e0 outils pour l&rsquo;environnement et les changements climatiques<\/a>\n<\/h3>\n\t\t\t<\/div>\n\n\t\t\t<div class=\"tutor-card-footer\">\n    <div class=\"tutor-course-list-btn\"><a href=\"https:\/\/voyoger.eu\/fr\/?p=9374\" class=\"tutor-btn tutor-btn-outline-primary tutor-btn-md tutor-btn-block tutor-open-login-modal\">Inscription au cours<\/a><\/div><\/div>\n\t\t<\/div>\n\t<\/div>\n<\/div>\n\t\t\t\t<\/div>\n\t\t\t\t\t\t\t<div class=\"etlms-course-list-col\">\n\t\t\t\t\t<div class=\"tutor-card tutor-course-card tutor-loop-course-container  etlms-has-hover-animation\">\n\t<div class=\"tutor-row tutor-gx-0\">\n\t\t<div class=\"tutor-col-lg-4\">\n\t\t\t        <div class=\"tutor-course-thumbnail\">\n        <a href=\"https:\/\/voyoger.eu\/de\/?p=9375\" class=\"tutor-d-block\">\n            <div class=\"tutor-ratio tutor-ratio-4x3\">\n                <img decoding=\"async\" class=\"tutor-card-image-top\" src=\"https:\/\/voyoger.eu\/wp-content\/uploads\/2025\/11\/WhatsApp-Image-2025-11-03-at-15.48.50.jpeg\" alt=\"Environment and Climate Change Toolkit\" loading=\"lazy\">\n            <\/div>\n        <\/a>\n    <\/div>\n\t\t<\/div>\n\n\t\t<div class=\"tutor-col-lg-8 tutor-d-flex tutor-flex-column\">\n\t\t\t<div class=\"tutor-card-body\">\n\t\t\t\t<h3 class=\"tutor-course-name tutor-fs-5 tutor-fw-medium tutor-mb-12\" title=\"Environment and Climate Change Toolkit\">\n    <a href=\"https:\/\/voyoger.eu\/de\/?p=9375\">Environment and Climate Change Toolkit<\/a>\n<\/h3>\n\t\t\t<\/div>\n\n\t\t\t<div class=\"tutor-card-footer\">\n    <div class=\"tutor-course-list-btn\"><a href=\"https:\/\/voyoger.eu\/de\/?p=9375\" class=\"tutor-btn tutor-btn-outline-primary tutor-btn-md tutor-btn-block tutor-open-login-modal\">Inscription au cours<\/a><\/div><\/div>\n\t\t<\/div>\n\t<\/div>\n<\/div>\n\t\t\t\t<\/div>\n\t\t\t\t\t<\/div>\n\n\t\t\t\t\t\t\t<div class=\"etlms-course-list-pagination-wrap tutor-mt-32\">\n\t\t\t<div class=\"etlms-pagination prev-next\">\n\t\t\t\t\n\t\t\t\t\t\n\t\t\t\t\t\t<\/div>\n\t\t\t\t<\/div>\n<div class=\"tutor-modal tutor-login-modal\">\n\t<div class=\"tutor-modal-overlay\"><\/div>\n\t<div class=\"tutor-modal-window tutor-modal-window-sm\">\n\t\t<div class=\"tutor-modal-content tutor-modal-content-white\">\n\t\t\t<button class=\"tutor-iconic-btn tutor-modal-close-o\" data-tutor-modal-close>\n\t\t\t\t<span class=\"tutor-icon-times\" area-hidden=\"true\"><\/span>\n\t\t\t<\/button>\n\n\t\t\t<div class=\"tutor-modal-body\">\n\t\t\t\t<div class=\"tutor-py-48\">\n\t\t\t\t\t\t\t\t\t\t<div class=\"tutor-fs-4 tutor-fw-medium tutor-color-black tutor-mb-32\">Salut, bon retour\u00a0!<\/div>\n\t\t\t\t\t<form id=\"tutor-login-form\" method=\"post\">\n\t\t<input type=\"hidden\" id=\"_tutor_nonce\" name=\"_tutor_nonce\" value=\"61a4376576\" \/><input type=\"hidden\" name=\"_wp_http_referer\" value=\"\/fr\/wp-json\/wp\/v2\/pages\/565\" \/>\t<input type=\"hidden\" name=\"tutor_action\" value=\"tutor_user_login\" \/>\n\t<input type=\"hidden\" name=\"redirect_to\" value=\"https:\/\/voyoger.eu\/fr\/wp-json\/wp\/v2\/pages\/565\" \/>\n\n\t<div class=\"tutor-mb-20\">\n\t\t<input type=\"text\" class=\"tutor-form-control\" placeholder=\"Identifiant ou adresse de messagerie\" name=\"log\" value=\"\" size=\"20\" required\/>\n\t<\/div>\n\n\t<div class=\"tutor-mb-32\">\n\t\t<input type=\"password\" class=\"tutor-form-control\" placeholder=\"Mot de passe\" name=\"pwd\" value=\"\" size=\"20\" required\/>\n\t<\/div>\n\n\t<div class=\"tutor-login-error\"><\/div>\n\t\t\t<input type=\"hidden\" name=\"timezone\" value=\"+00:00\" \/>\n\t\t<script>\n\t\t\tdocument.addEventListener('DOMContentLoaded', function() {\n\t\t\t\tconst timezone = document.querySelector('input[name=\"timezone\"]');\n\t\t\t\tif ( timezone) {\n\t\t\t\t\tconst tz = Intl.DateTimeFormat().resolvedOptions().timeZone;\n\t\t\t\t\ttimezone.value = tz\n\t\t\t\t}\n\t\t\t});\n\t\t<\/script>\n\t\t\t<div class=\"tutor-d-flex tutor-justify-between tutor-align-center tutor-mb-40\">\n\t\t<div class=\"tutor-form-check\">\n\t\t\t<input id=\"tutor-login-agmnt-1\" type=\"checkbox\" class=\"tutor-form-check-input tutor-bg-black-40\" name=\"rememberme\" value=\"forever\" \/>\n\t\t\t<label for=\"tutor-login-agmnt-1\" class=\"tutor-fs-7 tutor-color-muted\">\n\t\t\t\tMe garder connect\u00e9\t\t\t<\/label>\n\t\t<\/div>\n\t\t<a href=\"https:\/\/voyoger.eu\/dashboard\/retrieve-password\" class=\"tutor-btn tutor-btn-ghost\">\n\t\t\tMot de passe oubli\u00e9\u00a0?\t\t<\/a>\n\t<\/div>\n\n\t\t<button type=\"submit\" class=\"tutor-btn tutor-btn-primary tutor-btn-block\">\n\t\tSe connecter\t<\/button>\n\t\n\t\t\t\t\t<div class=\"tutor-text-center tutor-fs-6 tutor-color-secondary tutor-mt-20\">\n\t\t\tVous n\u2019avez pas de compte\u00a0?&nbsp;\n\t\t\t<a href=\"https:\/\/voyoger.eu\/student-registration\/?redirect_to=https:\/\/voyoger.eu\/fr\/wp-json\/wp\/v2\/pages\/565\" class=\"tutor-btn tutor-btn-link\">\n\t\t\t\tS\u2019inscrire maintenant\t\t\t<\/a>\n\t\t<\/div>\n\t\t<\/form>\n<script>\n\tdocument.addEventListener('DOMContentLoaded', function() {\n\t\tvar { __ } = wp.i18n;\n\t\tvar loginModal = document.querySelector('.tutor-modal.tutor-login-modal');\n\t\tvar errors = [];\n\t\tif (loginModal && errors.length) {\n\t\t\tloginModal.classList.add('tutor-is-active');\n\t\t}\n\t});\n<\/script>\n\n\t\t\t\t\t\t\t\t\t<\/div>\n\t\t\t\t\t\t\t<\/div>\n\t\t<\/div>\n\t<\/div>\n<\/div>\n\t\t\t\t<\/div>\n\t\t\t\t<\/div>\n\t\t\t\t\t<\/div>\n\t\t\t\t<\/div>\n\t\t\t\t<\/div>\n\t\t","protected":false},"excerpt":{"rendered":"<p>Introduction \u00e0 l&rsquo;apprentissage en ligne Bienvenue sur la&nbsp;plateforme d&rsquo;apprentissage en ligne Project Voyager&nbsp;, o\u00f9 les jeunes peuvent explorer et agir sur les d\u00e9fis environnementaux et climatiques d&rsquo;aujourd&rsquo;hui !&nbsp;Le programme en ligne est structur\u00e9 autour de&nbsp;cinq th\u00e8mes environnementaux cl\u00e9s&nbsp;, offrant des le\u00e7ons interactives et des activit\u00e9s pratiques pour vous aider \u00e0 comprendre la durabilit\u00e9, le changement&#8230;<\/p>\n","protected":false},"author":1,"featured_media":0,"parent":0,"menu_order":0,"comment_status":"closed","ping_status":"closed","template":"","meta":[],"class_list":["post-565","page","type-page","status-publish","hentry"],"aioseo_notices":[],"_links":{"self":[{"href":"https:\/\/voyoger.eu\/fr\/wp-json\/wp\/v2\/pages\/565","targetHints":{"allow":["GET"]}}],"collection":[{"href":"https:\/\/voyoger.eu\/fr\/wp-json\/wp\/v2\/pages"}],"about":[{"href":"https:\/\/voyoger.eu\/fr\/wp-json\/wp\/v2\/types\/page"}],"author":[{"embeddable":true,"href":"https:\/\/voyoger.eu\/fr\/wp-json\/wp\/v2\/users\/1"}],"replies":[{"embeddable":true,"href":"https:\/\/voyoger.eu\/fr\/wp-json\/wp\/v2\/comments?post=565"}],"version-history":[{"count":12,"href":"https:\/\/voyoger.eu\/fr\/wp-json\/wp\/v2\/pages\/565\/revisions"}],"predecessor-version":[{"id":8854,"href":"https:\/\/voyoger.eu\/fr\/wp-json\/wp\/v2\/pages\/565\/revisions\/8854"}],"wp:attachment":[{"href":"https:\/\/voyoger.eu\/fr\/wp-json\/wp\/v2\/media?parent=565"}],"curies":[{"name":"wp","href":"https:\/\/api.w.org\/{rel}","templated":true}]}}