{"id":995,"date":"2025-08-30T13:07:25","date_gmt":"2025-08-30T13:07:25","guid":{"rendered":"https:\/\/voyoger.eu\/partenariat\/"},"modified":"2025-09-14T12:08:22","modified_gmt":"2025-09-14T12:08:22","slug":"partenariat","status":"publish","type":"page","link":"https:\/\/voyoger.eu\/fr\/partenariat\/","title":{"rendered":"PARTENARIAT"},"content":{"rendered":"\t\t<div data-elementor-type=\"wp-page\" data-elementor-id=\"995\" class=\"elementor elementor-995\" data-elementor-post-type=\"page\">\n\t\t\t\t\t\t<section class=\"elementor-section elementor-top-section elementor-element elementor-element-42e0014 elementor-section-full_width elementor-section-height-default elementor-section-height-default\" data-id=\"42e0014\" data-element_type=\"section\" data-settings=\"{&quot;background_background&quot;:&quot;classic&quot;}\">\n\t\t\t\t\t\t\t<div class=\"elementor-background-overlay\"><\/div>\n\t\t\t\t\t\t\t<div class=\"elementor-container elementor-column-gap-no\">\n\t\t\t\t\t<div class=\"elementor-column elementor-col-100 elementor-top-column elementor-element elementor-element-63a2c83\" data-id=\"63a2c83\" data-element_type=\"column\">\n\t\t\t<div class=\"elementor-widget-wrap elementor-element-populated\">\n\t\t\t\t\t\t\t<\/div>\n\t\t<\/div>\n\t\t\t\t\t<\/div>\n\t\t<\/section>\n\t\t<div class=\"elementor-element elementor-element-3d1370c e-grid e-con-boxed e-con e-parent\" data-id=\"3d1370c\" data-element_type=\"container\">\n\t\t\t\t\t<div class=\"e-con-inner\">\n\t\t<div class=\"elementor-element elementor-element-ccc8c1d e-con-full e-flex e-con e-child\" data-id=\"ccc8c1d\" data-element_type=\"container\">\n\t\t\t\t<div class=\"elementor-element elementor-element-d7c1ea2 elementor-widget elementor-widget-image\" data-id=\"d7c1ea2\" data-element_type=\"widget\" data-widget_type=\"image.default\">\n\t\t\t\t<div class=\"elementor-widget-container\">\n\t\t\t\t\t\t\t\t\t\t\t\t\t\t\t<img decoding=\"async\" width=\"108\" height=\"70\" src=\"https:\/\/voyoger.eu\/wp-content\/uploads\/2025\/08\/Resim1.png\" class=\"attachment-large size-large wp-image-951\" alt=\"\" \/>\t\t\t\t\t\t\t\t\t\t\t\t\t\t\t<\/div>\n\t\t\t\t<\/div>\n\t\t\t\t<div class=\"elementor-element elementor-element-f03df00 elementor-widget elementor-widget-text-editor\" data-id=\"f03df00\" data-element_type=\"widget\" data-widget_type=\"text-editor.default\">\n\t\t\t\t<div class=\"elementor-widget-container\">\n\t\t\t\t\t\t\t\t\t<p>Ecoc\u00e8ne est une association \u00e0 but non lucratif situ\u00e9e \u00e0 Pau, en France. Proche du monde scientifique, elle a pour mission de sensibiliser le grand public aux enjeux environnementaux. Depuis plus de vingt ans, une \u00e9quipe pluridisciplinaire collabore avec des \u00e9coles, des entreprises et des collectivit\u00e9s locales afin de proposer des actions et des solutions concr\u00e8tes adapt\u00e9es aux pratiques quotidiennes.<br \/>L\u2019objectif principal d\u2019Ecoc\u00e8ne est de rendre chacun plus sensible, responsable et participatif vis-\u00e0-vis de son cadre de vie, contribuant ainsi \u00e0 la mise en \u0153uvre locale et concr\u00e8te du d\u00e9veloppement durable<\/p>\t\t\t\t\t\t\t\t<\/div>\n\t\t\t\t<\/div>\n\t\t\t\t<div class=\"elementor-element elementor-element-0b29730 elementor-align-justify elementor-widget elementor-widget-button\" data-id=\"0b29730\" data-element_type=\"widget\" data-widget_type=\"button.default\">\n\t\t\t\t<div class=\"elementor-widget-container\">\n\t\t\t\t\t\t\t\t\t<div class=\"elementor-button-wrapper\">\n\t\t\t\t\t<a class=\"elementor-button elementor-button-link elementor-size-sm\" href=\"http:\/\/www.ecocene.fr\">\n\t\t\t\t\t\t<span class=\"elementor-button-content-wrapper\">\n\t\t\t\t\t\t\t\t\t<span class=\"elementor-button-text\">Website<\/span>\n\t\t\t\t\t<\/span>\n\t\t\t\t\t<\/a>\n\t\t\t\t<\/div>\n\t\t\t\t\t\t\t\t<\/div>\n\t\t\t\t<\/div>\n\t\t\t\t<\/div>\n\t\t<div class=\"elementor-element elementor-element-09176d3 e-con-full e-flex e-con e-child\" data-id=\"09176d3\" data-element_type=\"container\">\n\t\t\t\t<div class=\"elementor-element elementor-element-9798480 elementor-widget elementor-widget-image\" data-id=\"9798480\" data-element_type=\"widget\" data-widget_type=\"image.default\">\n\t\t\t\t<div class=\"elementor-widget-container\">\n\t\t\t\t\t\t\t\t\t\t\t\t\t\t\t<img decoding=\"async\" width=\"150\" height=\"47\" src=\"https:\/\/voyoger.eu\/wp-content\/uploads\/2025\/08\/Resim2.png\" class=\"attachment-large size-large wp-image-957\" alt=\"\" \/>\t\t\t\t\t\t\t\t\t\t\t\t\t\t\t<\/div>\n\t\t\t\t<\/div>\n\t\t\t\t<div class=\"elementor-element elementor-element-4996cfa elementor-widget elementor-widget-text-editor\" data-id=\"4996cfa\" data-element_type=\"widget\" data-widget_type=\"text-editor.default\">\n\t\t\t\t<div class=\"elementor-widget-container\">\n\t\t\t\t\t\t\t\t\t<p>L\u2019Institut pour le d\u00e9veloppement innovant des Balkans (BIID) est sp\u00e9cialis\u00e9 dans le d\u00e9veloppement et la gestion de projets culturels et \u00e9ducatifs en Europe. Sa mission est de stimuler l\u2019innovation en cr\u00e9ant de nouvelles m\u00e9thodes d\u2019enseignement et des outils adapt\u00e9s, d\u2019inspirer en favorisant l\u2019\u00e9mergence de nouvelles id\u00e9es, et de mettre en \u0153uvre des initiatives novatrices au service de la soci\u00e9t\u00e9<\/p>\t\t\t\t\t\t\t\t<\/div>\n\t\t\t\t<\/div>\n\t\t\t\t<div class=\"elementor-element elementor-element-76e66f5 elementor-align-justify elementor-widget elementor-widget-button\" data-id=\"76e66f5\" data-element_type=\"widget\" data-widget_type=\"button.default\">\n\t\t\t\t<div class=\"elementor-widget-container\">\n\t\t\t\t\t\t\t\t\t<div class=\"elementor-button-wrapper\">\n\t\t\t\t\t<a class=\"elementor-button elementor-button-link elementor-size-sm\" href=\"http:\/\/www.balkan.institute\">\n\t\t\t\t\t\t<span class=\"elementor-button-content-wrapper\">\n\t\t\t\t\t\t\t\t\t<span class=\"elementor-button-text\">Website<\/span>\n\t\t\t\t\t<\/span>\n\t\t\t\t\t<\/a>\n\t\t\t\t<\/div>\n\t\t\t\t\t\t\t\t<\/div>\n\t\t\t\t<\/div>\n\t\t\t\t<\/div>\n\t\t<div class=\"elementor-element elementor-element-0b9ba6a e-con-full e-flex e-con e-child\" data-id=\"0b9ba6a\" data-element_type=\"container\">\n\t\t\t\t<div class=\"elementor-element elementor-element-f01239a elementor-widget elementor-widget-image\" data-id=\"f01239a\" data-element_type=\"widget\" data-widget_type=\"image.default\">\n\t\t\t\t<div class=\"elementor-widget-container\">\n\t\t\t\t\t\t\t\t\t\t\t\t\t\t\t<img decoding=\"async\" width=\"91\" height=\"59\" src=\"https:\/\/voyoger.eu\/wp-content\/uploads\/2025\/08\/Resim3.png\" class=\"attachment-large size-large wp-image-963\" alt=\"\" \/>\t\t\t\t\t\t\t\t\t\t\t\t\t\t\t<\/div>\n\t\t\t\t<\/div>\n\t\t\t\t<div class=\"elementor-element elementor-element-9d0430c elementor-widget elementor-widget-text-editor\" data-id=\"9d0430c\" data-element_type=\"widget\" data-widget_type=\"text-editor.default\">\n\t\t\t\t<div class=\"elementor-widget-container\">\n\t\t\t\t\t\t\t\t\t<p>Le Centre autrichien pour l\u2019\u00e9ducation et l\u2019innovation sociale (ESICA) est un organisme de recherche \u00e0 but non lucratif bas\u00e9 \u00e0 Vienne. L\u2019ESICA m\u00e8ne des recherches et met en \u0153uvre des projets dans les domaines de la soci\u00e9t\u00e9, de la culture, de l\u2019\u00e9ducation, de l\u2019environnement, de la jeunesse et de la technologie.<br \/>\u00a0Il contribue \u00e0 la conception et \u00e0 la diffusion d\u2019innovations socialement accept\u00e9es et durables, r\u00e9pondant aux d\u00e9fis mondiaux, et propose des services innovants en mati\u00e8re de recherche, d\u2019\u00e9ducation et de conseil<\/p>\t\t\t\t\t\t\t\t<\/div>\n\t\t\t\t<\/div>\n\t\t\t\t<div class=\"elementor-element elementor-element-223fd29 elementor-align-justify elementor-widget elementor-widget-button\" data-id=\"223fd29\" data-element_type=\"widget\" data-widget_type=\"button.default\">\n\t\t\t\t<div class=\"elementor-widget-container\">\n\t\t\t\t\t\t\t\t\t<div class=\"elementor-button-wrapper\">\n\t\t\t\t\t<a class=\"elementor-button elementor-button-link elementor-size-sm\" href=\"http:\/\/www.esica-wien.at\">\n\t\t\t\t\t\t<span class=\"elementor-button-content-wrapper\">\n\t\t\t\t\t\t\t\t\t<span class=\"elementor-button-text\">Website<\/span>\n\t\t\t\t\t<\/span>\n\t\t\t\t\t<\/a>\n\t\t\t\t<\/div>\n\t\t\t\t\t\t\t\t<\/div>\n\t\t\t\t<\/div>\n\t\t\t\t<\/div>\n\t\t<div class=\"elementor-element elementor-element-a2eefd0 e-con-full e-flex e-con e-child\" data-id=\"a2eefd0\" data-element_type=\"container\">\n\t\t\t\t<div class=\"elementor-element elementor-element-3a73193 elementor-widget elementor-widget-image\" data-id=\"3a73193\" data-element_type=\"widget\" data-widget_type=\"image.default\">\n\t\t\t\t<div class=\"elementor-widget-container\">\n\t\t\t\t\t\t\t\t\t\t\t\t\t\t\t<img loading=\"lazy\" decoding=\"async\" width=\"147\" height=\"54\" src=\"https:\/\/voyoger.eu\/wp-content\/uploads\/2025\/08\/Resim4.png\" class=\"attachment-large size-large wp-image-969\" alt=\"\" \/>\t\t\t\t\t\t\t\t\t\t\t\t\t\t\t<\/div>\n\t\t\t\t<\/div>\n\t\t\t\t<div class=\"elementor-element elementor-element-dd2e5c8 elementor-widget elementor-widget-text-editor\" data-id=\"dd2e5c8\" data-element_type=\"widget\" data-widget_type=\"text-editor.default\">\n\t\t\t\t<div class=\"elementor-widget-container\">\n\t\t\t\t\t\t\t\t\t<p>Fond\u00e9 en 2005, l\u2019Institut pour le d\u00e9veloppement de l\u2019entrepreneuriat (IED) est un organisme de recherche d\u00e9di\u00e9 \u00e0 la promotion de l\u2019innovation et de l\u2019esprit d\u2019entreprise. Convaincu que l\u2019entrepreneuriat constitue un levier essentiel de d\u00e9veloppement et de coh\u00e9sion sociale, l\u2019institut \u0153uvre pour l\u2019emploi et propose des solutions innovantes favorisant l\u2019\u00e9mergence d\u2019un entrepreneuriat responsable et durable.<\/p>\t\t\t\t\t\t\t\t<\/div>\n\t\t\t\t<\/div>\n\t\t\t\t<div class=\"elementor-element elementor-element-3af77db elementor-align-justify elementor-widget elementor-widget-button\" data-id=\"3af77db\" data-element_type=\"widget\" data-widget_type=\"button.default\">\n\t\t\t\t<div class=\"elementor-widget-container\">\n\t\t\t\t\t\t\t\t\t<div class=\"elementor-button-wrapper\">\n\t\t\t\t\t<a class=\"elementor-button elementor-button-link elementor-size-sm\" href=\"http:\/\/www.ied.edu\">\n\t\t\t\t\t\t<span class=\"elementor-button-content-wrapper\">\n\t\t\t\t\t\t\t\t\t<span class=\"elementor-button-text\">Website<\/span>\n\t\t\t\t\t<\/span>\n\t\t\t\t\t<\/a>\n\t\t\t\t<\/div>\n\t\t\t\t\t\t\t\t<\/div>\n\t\t\t\t<\/div>\n\t\t\t\t<\/div>\n\t\t<div class=\"elementor-element elementor-element-b02c505 e-con-full e-flex e-con e-child\" data-id=\"b02c505\" data-element_type=\"container\">\n\t\t\t\t<div class=\"elementor-element elementor-element-31d3804 elementor-widget elementor-widget-image\" data-id=\"31d3804\" data-element_type=\"widget\" data-widget_type=\"image.default\">\n\t\t\t\t<div class=\"elementor-widget-container\">\n\t\t\t\t\t\t\t\t\t\t\t\t\t\t\t<img loading=\"lazy\" decoding=\"async\" width=\"159\" height=\"38\" src=\"https:\/\/voyoger.eu\/wp-content\/uploads\/2025\/08\/Resim5.png\" class=\"attachment-large size-large wp-image-975\" alt=\"\" \/>\t\t\t\t\t\t\t\t\t\t\t\t\t\t\t<\/div>\n\t\t\t\t<\/div>\n\t\t\t\t<div class=\"elementor-element elementor-element-027aa10 elementor-widget elementor-widget-text-editor\" data-id=\"027aa10\" data-element_type=\"widget\" data-widget_type=\"text-editor.default\">\n\t\t\t\t<div class=\"elementor-widget-container\">\n\t\t\t\t\t\t\t\t\t<p>Pistes-Solidaires est une organisation de la soci\u00e9t\u00e9 civile qui promeut l\u2019\u00e9ducation par des m\u00e9thodes actives. Elle d\u00e9fend une vision de l\u2019\u00e9ducation concr\u00e8te, attrayante et en lien avec les r\u00e9alit\u00e9s du monde contemporain.<br \/>\u00a0Pour l\u2019organisation, l\u2019\u00e9ducation, c\u2019est aussi apprendre \u00e0 \u00eatre r\u00e9silient, \u00e0 agir en citoyen responsable, \u00e0 s\u2019adapter au changement, \u00e0 identifier et r\u00e9soudre les probl\u00e8mes locaux li\u00e9s \u00e0 des causes globales, \u00e0 respecter la diversit\u00e9 culturelle et \u00e0 construire une soci\u00e9t\u00e9 pacifique et durable. \u00a0<\/p>\t\t\t\t\t\t\t\t<\/div>\n\t\t\t\t<\/div>\n\t\t\t\t<div class=\"elementor-element elementor-element-d5d597c elementor-align-justify elementor-widget elementor-widget-button\" data-id=\"d5d597c\" data-element_type=\"widget\" data-widget_type=\"button.default\">\n\t\t\t\t<div class=\"elementor-widget-container\">\n\t\t\t\t\t\t\t\t\t<div class=\"elementor-button-wrapper\">\n\t\t\t\t\t<a class=\"elementor-button elementor-button-link elementor-size-sm\" href=\"http:\/\/www.pistes-solidaire.fr\">\n\t\t\t\t\t\t<span class=\"elementor-button-content-wrapper\">\n\t\t\t\t\t\t\t\t\t<span class=\"elementor-button-text\">Website<\/span>\n\t\t\t\t\t<\/span>\n\t\t\t\t\t<\/a>\n\t\t\t\t<\/div>\n\t\t\t\t\t\t\t\t<\/div>\n\t\t\t\t<\/div>\n\t\t\t\t<\/div>\n\t\t<div class=\"elementor-element elementor-element-a69a826 e-con-full e-flex e-con e-child\" data-id=\"a69a826\" data-element_type=\"container\">\n\t\t\t\t<div class=\"elementor-element elementor-element-72ed4f2 elementor-widget elementor-widget-image\" data-id=\"72ed4f2\" data-element_type=\"widget\" data-widget_type=\"image.default\">\n\t\t\t\t<div class=\"elementor-widget-container\">\n\t\t\t\t\t\t\t\t\t\t\t\t\t\t\t<img loading=\"lazy\" decoding=\"async\" width=\"245\" height=\"281\" src=\"https:\/\/voyoger.eu\/wp-content\/uploads\/2025\/08\/Resim6.png\" class=\"attachment-large size-large wp-image-981\" alt=\"\" \/>\t\t\t\t\t\t\t\t\t\t\t\t\t\t\t<\/div>\n\t\t\t\t<\/div>\n\t\t\t\t<div class=\"elementor-element elementor-element-0aa1b5b elementor-widget elementor-widget-text-editor\" data-id=\"0aa1b5b\" data-element_type=\"widget\" data-widget_type=\"text-editor.default\">\n\t\t\t\t<div class=\"elementor-widget-container\">\n\t\t\t\t\t\t\t\t\t<p>L\u2019Association de l\u2019Institut de recherche et de d\u00e9veloppement Eurasia, bas\u00e9e \u00e0 Bursa en Turquie, est une ONG \u00e0 but non lucratif qui vise \u00e0 donner aux jeunes un r\u00f4le de premier plan dans la transition vers un avenir plus num\u00e9rique et respectueux de l\u2019environnement.<br \/>\u00a0Eurasia encourage la conscience environnementale, le d\u00e9veloppement de comp\u00e9tences \u00e9cologiques et la citoyennet\u00e9 active \u00e0 travers des technologies immersives, des programmes \u00e9ducatifs innovants et des outils d\u2019apprentissage en ligne.<br \/>\u00a0L\u2019association aide les jeunes \u00e0 transformer leurs connaissances en actions concr\u00e8tes, en int\u00e9grant l\u2019\u00e9ducation \u00e0 la durabilit\u00e9 dans l\u2019innovation num\u00e9rique. Elle leur offre ainsi l\u2019opportunit\u00e9 d\u2019apprendre, de s\u2019engager b\u00e9n\u00e9volement et de d\u00e9velopper des solutions en faveur du d\u00e9veloppement durable et de la lutte contre le changement climatique.<\/p>\t\t\t\t\t\t\t\t<\/div>\n\t\t\t\t<\/div>\n\t\t\t\t<div class=\"elementor-element elementor-element-a2fd4bb elementor-align-justify elementor-widget elementor-widget-button\" data-id=\"a2fd4bb\" data-element_type=\"widget\" data-widget_type=\"button.default\">\n\t\t\t\t<div class=\"elementor-widget-container\">\n\t\t\t\t\t\t\t\t\t<div class=\"elementor-button-wrapper\">\n\t\t\t\t\t<a class=\"elementor-button elementor-button-link elementor-size-sm\" href=\"https:\/\/eurasiavision.eu\/\">\n\t\t\t\t\t\t<span class=\"elementor-button-content-wrapper\">\n\t\t\t\t\t\t\t\t\t<span class=\"elementor-button-text\">Website<\/span>\n\t\t\t\t\t<\/span>\n\t\t\t\t\t<\/a>\n\t\t\t\t<\/div>\n\t\t\t\t\t\t\t\t<\/div>\n\t\t\t\t<\/div>\n\t\t\t\t<\/div>\n\t\t\t\t\t<\/div>\n\t\t\t\t<\/div>\n\t\t\t\t<\/div>\n\t\t","protected":false},"excerpt":{"rendered":"<p>Ecoc\u00e8ne est une association \u00e0 but non lucratif situ\u00e9e \u00e0 Pau, en France. Proche du monde scientifique, elle a pour mission de sensibiliser le grand public aux enjeux environnementaux. Depuis plus de vingt ans, une \u00e9quipe pluridisciplinaire collabore avec des \u00e9coles, des entreprises et des collectivit\u00e9s locales afin de proposer des actions et des solutions&#8230;<\/p>\n","protected":false},"author":13,"featured_media":0,"parent":0,"menu_order":0,"comment_status":"closed","ping_status":"closed","template":"","meta":[],"class_list":["post-995","page","type-page","status-publish","hentry"],"aioseo_notices":[],"_links":{"self":[{"href":"https:\/\/voyoger.eu\/fr\/wp-json\/wp\/v2\/pages\/995","targetHints":{"allow":["GET"]}}],"collection":[{"href":"https:\/\/voyoger.eu\/fr\/wp-json\/wp\/v2\/pages"}],"about":[{"href":"https:\/\/voyoger.eu\/fr\/wp-json\/wp\/v2\/types\/page"}],"author":[{"embeddable":true,"href":"https:\/\/voyoger.eu\/fr\/wp-json\/wp\/v2\/users\/13"}],"replies":[{"embeddable":true,"href":"https:\/\/voyoger.eu\/fr\/wp-json\/wp\/v2\/comments?post=995"}],"version-history":[{"count":9,"href":"https:\/\/voyoger.eu\/fr\/wp-json\/wp\/v2\/pages\/995\/revisions"}],"predecessor-version":[{"id":1133,"href":"https:\/\/voyoger.eu\/fr\/wp-json\/wp\/v2\/pages\/995\/revisions\/1133"}],"wp:attachment":[{"href":"https:\/\/voyoger.eu\/fr\/wp-json\/wp\/v2\/media?parent=995"}],"curies":[{"name":"wp","href":"https:\/\/api.w.org\/{rel}","templated":true}]}}