{"id":545,"date":"2025-05-08T12:16:22","date_gmt":"2025-05-08T12:16:22","guid":{"rendered":"https:\/\/voyoger.eu\/dijital-arac-kiti\/"},"modified":"2025-10-22T13:27:33","modified_gmt":"2025-10-22T13:27:33","slug":"dijital-arac-kiti","status":"publish","type":"page","link":"https:\/\/voyoger.eu\/tr\/dijital-arac-kiti\/","title":{"rendered":"Dijital Ara\u00e7 Kiti"},"content":{"rendered":"\t\t<div data-elementor-type=\"wp-page\" data-elementor-id=\"545\" class=\"elementor elementor-545\" data-elementor-post-type=\"page\">\n\t\t\t\t\t\t<section class=\"elementor-section elementor-top-section elementor-element elementor-element-3176ba9 elementor-section-full_width elementor-section-height-default elementor-section-height-default\" data-id=\"3176ba9\" data-element_type=\"section\" data-settings=\"{&quot;background_background&quot;:&quot;classic&quot;}\">\n\t\t\t\t\t\t\t<div class=\"elementor-background-overlay\"><\/div>\n\t\t\t\t\t\t\t<div class=\"elementor-container elementor-column-gap-no\">\n\t\t\t\t\t<div class=\"elementor-column elementor-col-100 elementor-top-column elementor-element elementor-element-106705d3\" data-id=\"106705d3\" data-element_type=\"column\">\n\t\t\t<div class=\"elementor-widget-wrap elementor-element-populated\">\n\t\t\t\t\t\t\t<\/div>\n\t\t<\/div>\n\t\t\t\t\t<\/div>\n\t\t<\/section>\n\t\t\t\t<section class=\"elementor-section elementor-top-section elementor-element elementor-element-3146569 elementor-section-boxed elementor-section-height-default elementor-section-height-default\" data-id=\"3146569\" data-element_type=\"section\" data-settings=\"{&quot;background_background&quot;:&quot;classic&quot;}\">\n\t\t\t\t\t\t\t<div class=\"elementor-background-overlay\"><\/div>\n\t\t\t\t\t\t\t<div class=\"elementor-container elementor-column-gap-no\">\n\t\t\t\t\t<div class=\"elementor-column elementor-col-100 elementor-top-column elementor-element elementor-element-cad3e28\" data-id=\"cad3e28\" data-element_type=\"column\">\n\t\t\t<div class=\"elementor-widget-wrap elementor-element-populated\">\n\t\t\t\t<div class=\"elementor-element elementor-element-ead3282 e-grid e-con-boxed e-con e-parent\" data-id=\"ead3282\" data-element_type=\"container\">\n\t\t\t\t\t<div class=\"e-con-inner\">\n\t\t\t\t<div class=\"elementor-element elementor-element-c462ddc elementor-widget elementor-widget-image\" data-id=\"c462ddc\" data-element_type=\"widget\" data-widget_type=\"image.default\">\n\t\t\t\t<div class=\"elementor-widget-container\">\n\t\t\t\t\t\t\t\t\t\t\t\t\t\t\t\t<a href=\"http:\/\/voyoger.eu\/wp-content\/uploads\/2025\/10\/Training-module-turkiye.pdf\">\n\t\t\t\t\t\t\t<img fetchpriority=\"high\" decoding=\"async\" width=\"724\" height=\"1024\" src=\"https:\/\/voyoger.eu\/wp-content\/uploads\/2025\/05\/Training-Modules-VF-VOYOGER-724x1024-1.jpg\" class=\"attachment-large size-large wp-image-156\" alt=\"\" srcset=\"https:\/\/voyoger.eu\/wp-content\/uploads\/2025\/05\/Training-Modules-VF-VOYOGER-724x1024-1.jpg 724w, https:\/\/voyoger.eu\/wp-content\/uploads\/2025\/05\/Training-Modules-VF-VOYOGER-724x1024-1-212x300.jpg 212w, https:\/\/voyoger.eu\/wp-content\/uploads\/2025\/05\/Training-Modules-VF-VOYOGER-724x1024-1-600x849.jpg 600w\" sizes=\"(max-width: 724px) 100vw, 724px\" \/>\t\t\t\t\t\t\t\t<\/a>\n\t\t\t\t\t\t\t\t\t\t\t\t\t\t\t<\/div>\n\t\t\t\t<\/div>\n\t\t\t\t<div class=\"elementor-element elementor-element-8c47bf4 elementor-widget elementor-widget-image\" data-id=\"8c47bf4\" data-element_type=\"widget\" data-widget_type=\"image.default\">\n\t\t\t\t<div class=\"elementor-widget-container\">\n\t\t\t\t\t\t\t\t\t\t\t\t\t\t\t\t<a href=\"http:\/\/voyoger.eu\/wp-content\/uploads\/2025\/10\/Action-sheet-TURKIYE.pdf\">\n\t\t\t\t\t\t\t<img decoding=\"async\" width=\"724\" height=\"1024\" src=\"https:\/\/voyoger.eu\/wp-content\/uploads\/2025\/05\/actions-sheets-VF-724x1024-1.jpg\" class=\"attachment-large size-large wp-image-157\" alt=\"\" srcset=\"https:\/\/voyoger.eu\/wp-content\/uploads\/2025\/05\/actions-sheets-VF-724x1024-1.jpg 724w, https:\/\/voyoger.eu\/wp-content\/uploads\/2025\/05\/actions-sheets-VF-724x1024-1-212x300.jpg 212w, https:\/\/voyoger.eu\/wp-content\/uploads\/2025\/05\/actions-sheets-VF-724x1024-1-600x849.jpg 600w\" sizes=\"(max-width: 724px) 100vw, 724px\" \/>\t\t\t\t\t\t\t\t<\/a>\n\t\t\t\t\t\t\t\t\t\t\t\t\t\t\t<\/div>\n\t\t\t\t<\/div>\n\t\t\t\t<div class=\"elementor-element elementor-element-396b44e elementor-widget elementor-widget-image\" data-id=\"396b44e\" data-element_type=\"widget\" data-widget_type=\"image.default\">\n\t\t\t\t<div class=\"elementor-widget-container\">\n\t\t\t\t\t\t\t\t\t\t\t\t\t\t\t\t<a href=\"http:\/\/voyoger.eu\/wp-content\/uploads\/2025\/10\/INFOGRAPHIC-TURKIYE.pdf\">\n\t\t\t\t\t\t\t<img decoding=\"async\" width=\"724\" height=\"1024\" src=\"https:\/\/voyoger.eu\/wp-content\/uploads\/2025\/05\/actions-sheets-VF-Kopyasi-724x1024-1.jpg\" class=\"attachment-large size-large wp-image-158\" alt=\"\" srcset=\"https:\/\/voyoger.eu\/wp-content\/uploads\/2025\/05\/actions-sheets-VF-Kopyasi-724x1024-1.jpg 724w, https:\/\/voyoger.eu\/wp-content\/uploads\/2025\/05\/actions-sheets-VF-Kopyasi-724x1024-1-212x300.jpg 212w, https:\/\/voyoger.eu\/wp-content\/uploads\/2025\/05\/actions-sheets-VF-Kopyasi-724x1024-1-600x849.jpg 600w\" sizes=\"(max-width: 724px) 100vw, 724px\" \/>\t\t\t\t\t\t\t\t<\/a>\n\t\t\t\t\t\t\t\t\t\t\t\t\t\t\t<\/div>\n\t\t\t\t<\/div>\n\t\t\t\t<div class=\"elementor-element elementor-element-47c359e elementor-widget elementor-widget-text-editor\" data-id=\"47c359e\" data-element_type=\"widget\" data-widget_type=\"text-editor.default\">\n\t\t\t\t<div class=\"elementor-widget-container\">\n\t\t\t\t\t\t\t\t\t<p><strong><span dir=\"auto\">VOYOGER, \u00f6\u011frencilerle \u00e7al\u0131\u015fan \u00f6\u011fretmenler ve e\u011fitimciler i\u00e7in tasarlanm\u0131\u015f kapsaml\u0131 ve kullan\u0131ma haz\u0131r e\u011fitim kaynaklar\u0131<\/span><\/strong><span dir=\"auto\">\u00a0sunar . Her mod\u00fcl\u00a0, s\u00fcrd\u00fcr\u00fclebilirlik e\u011fitimi alan\u0131nda\u00a0<strong>yarat\u0131c\u0131, disiplinleraras\u0131 ve kapsay\u0131c\u0131 \u00f6\u011fretim uygulamalar\u0131n\u0131<\/strong>\u00a0te\u015fvik etmek amac\u0131yla\u00a0projenin\u00a0<\/span><strong><span dir=\"auto\">be\u015f temel \u00e7evre temas\u0131ndan biri etraf\u0131nda olu\u015fturulmu\u015ftur.<\/span><\/strong><\/p><p><span dir=\"auto\">E\u011fitim mod\u00fcllerinin amac\u0131:<\/span><\/p><ul><li><span dir=\"auto\">E\u011fitimcilerin s\u00fcrd\u00fcr\u00fclebilirli\u011fi \u00f6\u011fretimlerine entegre etmelerini destekleyin<\/span><\/li><li><span dir=\"auto\">Yenilik\u00e7i ve i\u015fbirlik\u00e7i \u00f6\u011frenme yakla\u015f\u0131mlar\u0131n\u0131 te\u015fvik edin<\/span><\/li><li><span dir=\"auto\">\u00c7e\u015fitli s\u0131n\u0131f ortamlar\u0131na uyarlanabilen eri\u015filebilir ara\u00e7lar sa\u011flay\u0131n<\/span><\/li><li><span dir=\"auto\">\u00d6\u011frencileri \u00e7evre sorunlar\u0131yla anlaml\u0131 \u015fekillerde ilgilenmeye te\u015fvik edin<\/span><\/li><\/ul><p><span dir=\"auto\">S\u00fcrd\u00fcr\u00fclebilirli\u011fi g\u00fcnl\u00fck \u00f6\u011frenmeye entegre eden E\u011fitim Mod\u00fclleri,\u00a0<\/span><strong><span dir=\"auto\">gelecek nesillere s\u00fcrd\u00fcr\u00fclebilir bir gelecek \u015fekillendirmek i\u00e7in ihtiya\u00e7 duyduklar\u0131 bilgi ve becerileri kazand\u0131r\u0131yor.<\/span><\/strong><\/p>\t\t\t\t\t\t\t\t<\/div>\n\t\t\t\t<\/div>\n\t\t\t\t<div class=\"elementor-element elementor-element-d7b5235 elementor-widget elementor-widget-text-editor\" data-id=\"d7b5235\" data-element_type=\"widget\" data-widget_type=\"text-editor.default\">\n\t\t\t\t<div class=\"elementor-widget-container\">\n\t\t\t\t\t\t\t\t\t<p><span dir=\"auto\">VOYOGER&#8217;\u0131n\u00a0<\/span><strong><span dir=\"auto\">Eylem Sayfalar\u0131,<\/span><\/strong><span dir=\"auto\">\u00a0\u00f6\u011frenmeyi\u00a0<\/span><strong><span dir=\"auto\">ger\u00e7ek d\u00fcnyada etkiye<\/span><\/strong><span dir=\"auto\">\u00a0d\u00f6n\u00fc\u015ft\u00fcr\u00fcr. Bu yazd\u0131r\u0131labilir k\u0131lavuzlar, s\u0131n\u0131flar\u0131n ve \u00f6\u011frencilerin fark yaratan\u00a0<\/span><strong><span dir=\"auto\">uygulamal\u0131 s\u00fcrd\u00fcr\u00fclebilirlik projeleri<\/span><\/strong><span dir=\"auto\">\u00a0y\u00fcr\u00fctmeleri i\u00e7in tasarlanm\u0131\u015ft\u0131r .<\/span><\/p><p><span dir=\"auto\">Her Eylem Sayfas\u0131, gen\u00e7 \u00f6\u011frencilerin okulda, evde veya toplumlar\u0131nda daha fazla \u00e7evresel sorumluluk i\u00e7in\u00a0<\/span><strong><span dir=\"auto\">k\u00fc\u00e7\u00fck ama anlaml\u0131 ad\u0131mlar<\/span><\/strong><span dir=\"auto\">\u00a0atmalar\u0131n\u0131 sa\u011flar . Olumlu etki yaratan eylem, proje ve etkinlik \u00f6rneklerini inceleyerek, \u00f6\u011frenciler kendi ba\u015flar\u0131na de\u011fi\u015fim yaratmaya te\u015fvik edilir.<\/span><\/p><p><span dir=\"auto\">Eylem Sayfalar\u0131 ile \u00f6\u011frenciler \u015funlar\u0131 yapabilir:<\/span><\/p><ul><li><span dir=\"auto\">S\u0131n\u0131f bilgisini ger\u00e7ek hayattaki zorluklara uygulay\u0131n<\/span><\/li><li><span dir=\"auto\">Topluluklar\u0131na fayda sa\u011flayan projelerde i\u015f birli\u011fi yapmak<\/span><\/li><li><span dir=\"auto\">Daha s\u00fcrd\u00fcr\u00fclebilir bir ya\u015fam s\u00fcrmenin pratik yollar\u0131n\u0131 ke\u015ffedin<\/span><\/li><li><span dir=\"auto\">\u0130klim eylemlerinde aktif kat\u0131l\u0131mc\u0131lar olarak g\u00fcven olu\u015fturun<\/span><\/li><\/ul><p><strong><span dir=\"auto\">K\u00fc\u00e7\u00fck ad\u0131mlar b\u00fcy\u00fck de\u011fi\u015fime yol a\u00e7ar ve Eylem Sayfalar\u0131 \u00f6\u011frencilerin \u00f6nc\u00fc olmas\u0131na yard\u0131mc\u0131 olur.<\/span><\/strong><\/p>\t\t\t\t\t\t\t\t<\/div>\n\t\t\t\t<\/div>\n\t\t\t\t<div class=\"elementor-element elementor-element-3eff015 elementor-widget elementor-widget-text-editor\" data-id=\"3eff015\" data-element_type=\"widget\" data-widget_type=\"text-editor.default\">\n\t\t\t\t<div class=\"elementor-widget-container\">\n\t\t\t\t\t\t\t\t\t<p><span dir=\"auto\">VOYOGER\u00a0<\/span><strong><span dir=\"auto\">\u0130nfografikleri,<\/span><\/strong><span dir=\"auto\">\u00a0karma\u015f\u0131k \u00e7evre konular\u0131n\u0131\u00a0<\/span><strong><span dir=\"auto\">a\u00e7\u0131k, anla\u015f\u0131l\u0131r ve g\u00f6rsel olarak ilgi \u00e7ekici bir formatta<\/span><\/strong><span dir=\"auto\">\u00a0sunar . Her infografik,\u00a0projenin \u00e7evre temalar\u0131ndan\u00a0<\/span><strong><span dir=\"auto\">\u00f6nemli ger\u00e7ekleri, istatistikleri ve i\u00e7g\u00f6r\u00fcleri \u00f6zetleyerek, gen\u00e7 \u00f6\u011frenciler i\u00e7in etkili s\u00fcrd\u00fcr\u00fclebilirlik e\u011fitimini destekler.<\/span><\/strong><\/p><p><span dir=\"auto\">\u00d6zellikle \u015funlar i\u00e7in uygundur:<\/span><\/p><ul><li><strong><span dir=\"auto\">S\u0131n\u0131f i\u00e7i \u00f6\u011fretim<\/span><\/strong><span dir=\"auto\">\u00a0\u2013 dersleri ve tart\u0131\u015fmalar\u0131 desteklemek i\u00e7in g\u00f6rsel kaynaklar olarak<\/span><\/li><li><strong><span dir=\"auto\">\u00c7evrimi\u00e7i \u00f6\u011frenme ortamlar\u0131<\/span><\/strong><span dir=\"auto\">\u00a0\u2013 dijital e\u011fitimi geli\u015ftiren payla\u015f\u0131labilir materyaller<\/span><\/li><li><strong><span dir=\"auto\">Kendi kendine \u00f6\u011frenme<\/span><\/strong><span dir=\"auto\">\u00a0\u2013 \u00f6\u011frencilerin temel kavramlar\u0131 kavramas\u0131na yard\u0131mc\u0131 olan \u00f6zl\u00fc referanslar<\/span><\/li><\/ul><p><strong><span dir=\"auto\">\u0130klim de\u011fi\u015fikli\u011fi, kirlilik ve biyo\u00e7e\u015fitlilik kayb\u0131<\/span><\/strong><span dir=\"auto\">\u00a0gibi konular\u0131 basitle\u015ftirerek\u00a0, bu infografikler \u00f6nemli bilgileri daha anla\u015f\u0131l\u0131r ve ak\u0131lda kal\u0131c\u0131 hale getiriyor ve \u00f6\u011frencileri bilgiyi eyleme d\u00f6n\u00fc\u015ft\u00fcrmeye te\u015fvik ediyor.<\/span><\/p>\t\t\t\t\t\t\t\t<\/div>\n\t\t\t\t<\/div>\n\t\t\t\t<div class=\"elementor-element elementor-element-63962d1 elementor-align-justify elementor-widget elementor-widget-button\" data-id=\"63962d1\" data-element_type=\"widget\" data-widget_type=\"button.default\">\n\t\t\t\t<div class=\"elementor-widget-container\">\n\t\t\t\t\t\t\t\t\t<div class=\"elementor-button-wrapper\">\n\t\t\t\t\t<a class=\"elementor-button elementor-button-link elementor-size-sm\" href=\"http:\/\/voyoger.eu\/wp-content\/uploads\/2025\/10\/Training-module-turkiye.pdf\">\n\t\t\t\t\t\t<span class=\"elementor-button-content-wrapper\">\n\t\t\t\t\t\t\t\t\t<span class=\"elementor-button-text\">Download Now<\/span>\n\t\t\t\t\t<\/span>\n\t\t\t\t\t<\/a>\n\t\t\t\t<\/div>\n\t\t\t\t\t\t\t\t<\/div>\n\t\t\t\t<\/div>\n\t\t\t\t<div class=\"elementor-element elementor-element-4d9b762 elementor-align-justify elementor-widget elementor-widget-button\" data-id=\"4d9b762\" data-element_type=\"widget\" data-widget_type=\"button.default\">\n\t\t\t\t<div class=\"elementor-widget-container\">\n\t\t\t\t\t\t\t\t\t<div class=\"elementor-button-wrapper\">\n\t\t\t\t\t<a class=\"elementor-button elementor-button-link elementor-size-sm\" href=\"http:\/\/voyoger.eu\/wp-content\/uploads\/2025\/10\/Action-sheet-TURKIYE.pdf\">\n\t\t\t\t\t\t<span class=\"elementor-button-content-wrapper\">\n\t\t\t\t\t\t\t\t\t<span class=\"elementor-button-text\">Download Now<\/span>\n\t\t\t\t\t<\/span>\n\t\t\t\t\t<\/a>\n\t\t\t\t<\/div>\n\t\t\t\t\t\t\t\t<\/div>\n\t\t\t\t<\/div>\n\t\t\t\t<div class=\"elementor-element elementor-element-d5d065f elementor-align-justify elementor-widget elementor-widget-button\" data-id=\"d5d065f\" data-element_type=\"widget\" data-widget_type=\"button.default\">\n\t\t\t\t<div class=\"elementor-widget-container\">\n\t\t\t\t\t\t\t\t\t<div class=\"elementor-button-wrapper\">\n\t\t\t\t\t<a class=\"elementor-button elementor-button-link elementor-size-sm\" href=\"http:\/\/voyoger.eu\/wp-content\/uploads\/2025\/10\/INFOGRAPHIC-TURKIYE.pdf\">\n\t\t\t\t\t\t<span class=\"elementor-button-content-wrapper\">\n\t\t\t\t\t\t\t\t\t<span class=\"elementor-button-text\">Download Now<\/span>\n\t\t\t\t\t<\/span>\n\t\t\t\t\t<\/a>\n\t\t\t\t<\/div>\n\t\t\t\t\t\t\t\t<\/div>\n\t\t\t\t<\/div>\n\t\t\t\t\t<\/div>\n\t\t\t\t<\/div>\n\t\t\t\t\t<\/div>\n\t\t<\/div>\n\t\t\t\t\t<\/div>\n\t\t<\/section>\n\t\t\t\t<\/div>\n\t\t","protected":false},"excerpt":{"rendered":"<p>VOYOGER, \u00f6\u011frencilerle \u00e7al\u0131\u015fan \u00f6\u011fretmenler ve e\u011fitimciler i\u00e7in tasarlanm\u0131\u015f kapsaml\u0131 ve kullan\u0131ma haz\u0131r e\u011fitim kaynaklar\u0131\u00a0sunar . Her mod\u00fcl\u00a0, s\u00fcrd\u00fcr\u00fclebilirlik e\u011fitimi alan\u0131nda\u00a0yarat\u0131c\u0131, disiplinleraras\u0131 ve kapsay\u0131c\u0131 \u00f6\u011fretim uygulamalar\u0131n\u0131\u00a0te\u015fvik etmek amac\u0131yla\u00a0projenin\u00a0be\u015f temel \u00e7evre temas\u0131ndan biri etraf\u0131nda olu\u015fturulmu\u015ftur. E\u011fitim mod\u00fcllerinin amac\u0131: E\u011fitimcilerin s\u00fcrd\u00fcr\u00fclebilirli\u011fi \u00f6\u011fretimlerine entegre etmelerini destekleyin Yenilik\u00e7i ve i\u015fbirlik\u00e7i \u00f6\u011frenme yakla\u015f\u0131mlar\u0131n\u0131 te\u015fvik edin \u00c7e\u015fitli s\u0131n\u0131f ortamlar\u0131na uyarlanabilen eri\u015filebilir ara\u00e7lar&#8230;<\/p>\n","protected":false},"author":1,"featured_media":0,"parent":0,"menu_order":0,"comment_status":"closed","ping_status":"closed","template":"","meta":[],"class_list":["post-545","page","type-page","status-publish","hentry"],"aioseo_notices":[],"_links":{"self":[{"href":"https:\/\/voyoger.eu\/tr\/wp-json\/wp\/v2\/pages\/545","targetHints":{"allow":["GET"]}}],"collection":[{"href":"https:\/\/voyoger.eu\/tr\/wp-json\/wp\/v2\/pages"}],"about":[{"href":"https:\/\/voyoger.eu\/tr\/wp-json\/wp\/v2\/types\/page"}],"author":[{"embeddable":true,"href":"https:\/\/voyoger.eu\/tr\/wp-json\/wp\/v2\/users\/1"}],"replies":[{"embeddable":true,"href":"https:\/\/voyoger.eu\/tr\/wp-json\/wp\/v2\/comments?post=545"}],"version-history":[{"count":18,"href":"https:\/\/voyoger.eu\/tr\/wp-json\/wp\/v2\/pages\/545\/revisions"}],"predecessor-version":[{"id":9212,"href":"https:\/\/voyoger.eu\/tr\/wp-json\/wp\/v2\/pages\/545\/revisions\/9212"}],"wp:attachment":[{"href":"https:\/\/voyoger.eu\/tr\/wp-json\/wp\/v2\/media?parent=545"}],"curies":[{"name":"wp","href":"https:\/\/api.w.org\/{rel}","templated":true}]}}