{"id":569,"date":"2025-05-08T12:07:53","date_gmt":"2025-05-08T12:07:53","guid":{"rendered":"https:\/\/voyoger.eu\/environment-and-climate-change-toolkit\/"},"modified":"2025-10-18T13:44:07","modified_gmt":"2025-10-18T13:44:07","slug":"environment-and-climate-change-toolkit","status":"publish","type":"page","link":"https:\/\/voyoger.eu\/tr\/environment-and-climate-change-toolkit\/","title":{"rendered":"E-Learning"},"content":{"rendered":"\t\t<div data-elementor-type=\"wp-page\" data-elementor-id=\"569\" class=\"elementor elementor-569\" data-elementor-post-type=\"page\">\n\t\t\t\t\t\t<section class=\"elementor-section elementor-top-section elementor-element elementor-element-22efe6e2 elementor-section-full_width elementor-section-height-default elementor-section-height-default\" data-id=\"22efe6e2\" data-element_type=\"section\" data-settings=\"{&quot;background_background&quot;:&quot;classic&quot;}\">\n\t\t\t\t\t\t\t<div class=\"elementor-background-overlay\"><\/div>\n\t\t\t\t\t\t\t<div class=\"elementor-container elementor-column-gap-no\">\n\t\t\t\t\t<div class=\"elementor-column elementor-col-100 elementor-top-column elementor-element elementor-element-2b29fe7b\" data-id=\"2b29fe7b\" data-element_type=\"column\">\n\t\t\t<div class=\"elementor-widget-wrap elementor-element-populated\">\n\t\t\t\t\t\t\t<\/div>\n\t\t<\/div>\n\t\t\t\t\t<\/div>\n\t\t<\/section>\n\t\t<div class=\"elementor-element elementor-element-a903d6c e-flex e-con-boxed e-con e-parent\" data-id=\"a903d6c\" data-element_type=\"container\">\n\t\t\t\t\t<div class=\"e-con-inner\">\n\t\t\t\t<div class=\"elementor-element elementor-element-fb868d2 elementor-widget elementor-widget-text-editor\" data-id=\"fb868d2\" data-element_type=\"widget\" data-widget_type=\"text-editor.default\">\n\t\t\t\t<div class=\"elementor-widget-container\">\n\t\t\t\t\t\t\t\t\t<h3><span dir=\"auto\">E-\u00d6\u011frenme Giri\u015f<\/span><\/h3>\n<p><span dir=\"auto\">Gen\u00e7lerin g\u00fcn\u00fcm\u00fcz\u00fcn \u00e7evresel ve iklimsel zorluklar\u0131n\u0131 ke\u015ffedip bu zorluklara kar\u015f\u0131 harekete ge\u00e7ebilecekleri&nbsp;<\/span><strong><span dir=\"auto\">Project Voyager e-\u00f6\u011frenme platformuna<\/span><\/strong><span dir=\"auto\">&nbsp;ho\u015f geldiniz !&nbsp;<\/span><span dir=\"auto\">\u00c7evrimi\u00e7i program , s\u00fcrd\u00fcr\u00fclebilirlik, iklim de\u011fi\u015fikli\u011fi ve ye\u015fil uygulamalar\u0131 anlaman\u0131za yard\u0131mc\u0131 olmak i\u00e7in etkile\u015fimli dersler ve pratik etkinlikler sunan&nbsp;<\/span><strong><span dir=\"auto\">be\u015f temel \u00e7evresel tema<\/span><\/strong><span dir=\"auto\">&nbsp;etraf\u0131nda yap\u0131land\u0131r\u0131lm\u0131\u015ft\u0131r .&nbsp;<\/span><span dir=\"auto\">Kurslara ba\u015flamadan \u00f6nce, kat\u0131l\u0131mc\u0131lar&nbsp;<\/span><strong><span dir=\"auto\">\u00e7evrimi\u00e7i kay\u0131t yapt\u0131rmaya<\/span><\/strong><span dir=\"auto\">&nbsp;ve mevcut bilgilerini kontrol etmek i\u00e7in&nbsp;<\/span><strong><span dir=\"auto\">k\u0131sa bir teste<\/span><\/strong><span dir=\"auto\">&nbsp;kat\u0131lmaya davet edilir . Bu, herkesin geli\u015fimini takip edebilmesini ve mevcut bilgilerini geli\u015ftirebilmesini sa\u011flar.&nbsp;<\/span><span dir=\"auto\">Program\u0131n sonunda, be\u015f teman\u0131n tamam\u0131n\u0131 tamamlayan \u00f6\u011frenciler,&nbsp;yeni becerilerini ve \u00e7evresel eyleme olan ba\u011fl\u0131l\u0131klar\u0131n\u0131 takdir eden&nbsp;<\/span><strong><span dir=\"auto\">resmi bir Project Voyager sertifikas\u0131 alacaklar.&nbsp;<\/span><\/strong><span dir=\"auto\">Daha ye\u015fil, daha s\u00fcrd\u00fcr\u00fclebilir bir gelece\u011fi \u015fekillendiren&nbsp;<\/span><strong><span dir=\"auto\">aktif bir vatanda\u015f olmak, \u00f6\u011frenmek ve etkile\u015fimde bulunmak<\/span><\/strong><span dir=\"auto\">&nbsp;i\u00e7in bize kat\u0131l\u0131n !<\/span><\/p>\t\t\t\t\t\t\t\t<\/div>\n\t\t\t\t<\/div>\n\t\t\t\t\t<\/div>\n\t\t\t\t<\/div>\n\t\t<div class=\"elementor-element elementor-element-78895a6 e-flex e-con-boxed e-con e-parent\" data-id=\"78895a6\" data-element_type=\"container\">\n\t\t\t\t\t<div class=\"e-con-inner\">\n\t\t\t\t<div class=\"elementor-element elementor-element-eaefab2 elementor-widget elementor-widget-etlms-course-list tutor-addon etlms-course-list\" data-id=\"eaefab2\" data-element_type=\"widget\" data-widget_type=\"etlms-course-list.default\">\n\t\t\t\t<div class=\"elementor-widget-container\">\n\t\t\t\t\t<div class=\"tutor-wrap tutor-courses-wrap tutor-container etlms-course-list-main-wrap\">\n\t\t\t\t\t<div class=\"etlms-course-list-loop-wrap tutor-course-list tutor-grid tutor-grid-1\">\n\t\t\t\t\t\t\t<div class=\"etlms-course-list-col\">\n\t\t\t\t\t<div class=\"tutor-card tutor-course-card tutor-loop-course-container  etlms-has-hover-animation\">\n\t<div class=\"tutor-row tutor-gx-0\">\n\t\t<div class=\"tutor-col-lg-4\">\n\t\t\t        <div class=\"tutor-course-thumbnail\">\n        <a href=\"https:\/\/voyoger.eu\/?p=212\" class=\"tutor-d-block\">\n            <div class=\"tutor-ratio tutor-ratio-4x3\">\n                <img decoding=\"async\" class=\"tutor-card-image-top\" src=\"https:\/\/voyoger.eu\/wp-content\/uploads\/2025\/11\/WhatsApp-Image-2025-11-03-at-15.48.50.jpeg\" alt=\"Environment and Climate Change Toolkit\" loading=\"lazy\">\n            <\/div>\n        <\/a>\n    <\/div>\n\t\t<\/div>\n\n\t\t<div class=\"tutor-col-lg-8 tutor-d-flex tutor-flex-column\">\n\t\t\t<div class=\"tutor-card-body\">\n\t\t\t\t<h3 class=\"tutor-course-name tutor-fs-5 tutor-fw-medium tutor-mb-12\" title=\"Environment and Climate Change Toolkit\">\n    <a href=\"https:\/\/voyoger.eu\/?p=212\">Environment and Climate Change Toolkit<\/a>\n<\/h3>\n\t\t\t<\/div>\n\n\t\t\t<div class=\"tutor-card-footer\">\n    <div class=\"tutor-course-list-btn\"><a href=\"https:\/\/voyoger.eu\/?p=212\" class=\"tutor-btn tutor-btn-outline-primary tutor-btn-md tutor-btn-block tutor-open-login-modal\">Enroll Course<\/a><\/div><\/div>\n\t\t<\/div>\n\t<\/div>\n<\/div>\n\t\t\t\t<\/div>\n\t\t\t\t\t\t\t<div class=\"etlms-course-list-col\">\n\t\t\t\t\t<div class=\"tutor-card tutor-course-card tutor-loop-course-container  etlms-has-hover-animation\">\n\t<div class=\"tutor-row tutor-gx-0\">\n\t\t<div class=\"tutor-col-lg-4\">\n\t\t\t        <div class=\"tutor-course-thumbnail\">\n        <a href=\"https:\/\/voyoger.eu\/tr\/?p=9272\" class=\"tutor-d-block\">\n            <div class=\"tutor-ratio tutor-ratio-4x3\">\n                <img decoding=\"async\" class=\"tutor-card-image-top\" src=\"https:\/\/voyoger.eu\/wp-content\/uploads\/2025\/11\/WhatsApp-Image-2025-11-03-at-15.48.50.jpeg\" alt=\"Environment and Climate Change Toolkit\" loading=\"lazy\">\n            <\/div>\n        <\/a>\n    <\/div>\n\t\t<\/div>\n\n\t\t<div class=\"tutor-col-lg-8 tutor-d-flex tutor-flex-column\">\n\t\t\t<div class=\"tutor-card-body\">\n\t\t\t\t<h3 class=\"tutor-course-name tutor-fs-5 tutor-fw-medium tutor-mb-12\" title=\"Environment and Climate Change Toolkit\">\n    <a href=\"https:\/\/voyoger.eu\/tr\/?p=9272\">Environment and Climate Change Toolkit<\/a>\n<\/h3>\n\t\t\t<\/div>\n\n\t\t\t<div class=\"tutor-card-footer\">\n    <div class=\"tutor-course-list-btn\"><a href=\"https:\/\/voyoger.eu\/tr\/?p=9272\" class=\"tutor-btn tutor-btn-outline-primary tutor-btn-md tutor-btn-block tutor-open-login-modal\">Enroll Course<\/a><\/div><\/div>\n\t\t<\/div>\n\t<\/div>\n<\/div>\n\t\t\t\t<\/div>\n\t\t\t\t\t\t\t<div class=\"etlms-course-list-col\">\n\t\t\t\t\t<div class=\"tutor-card tutor-course-card tutor-loop-course-container  etlms-has-hover-animation\">\n\t<div class=\"tutor-row tutor-gx-0\">\n\t\t<div class=\"tutor-col-lg-4\">\n\t\t\t        <div class=\"tutor-course-thumbnail\">\n        <a href=\"https:\/\/voyoger.eu\/bg\/?p=9373\" class=\"tutor-d-block\">\n            <div class=\"tutor-ratio tutor-ratio-4x3\">\n                <img decoding=\"async\" class=\"tutor-card-image-top\" src=\"https:\/\/voyoger.eu\/wp-content\/uploads\/2025\/11\/WhatsApp-Image-2025-11-03-at-15.48.50.jpeg\" alt=\"Environment and Climate Change Toolkit\" loading=\"lazy\">\n            <\/div>\n        <\/a>\n    <\/div>\n\t\t<\/div>\n\n\t\t<div class=\"tutor-col-lg-8 tutor-d-flex tutor-flex-column\">\n\t\t\t<div class=\"tutor-card-body\">\n\t\t\t\t<h3 class=\"tutor-course-name tutor-fs-5 tutor-fw-medium tutor-mb-12\" title=\"Environment and Climate Change Toolkit\">\n    <a href=\"https:\/\/voyoger.eu\/bg\/?p=9373\">Environment and Climate Change Toolkit<\/a>\n<\/h3>\n\t\t\t<\/div>\n\n\t\t\t<div class=\"tutor-card-footer\">\n    <div class=\"tutor-course-list-btn\"><a href=\"https:\/\/voyoger.eu\/bg\/?p=9373\" class=\"tutor-btn tutor-btn-outline-primary tutor-btn-md tutor-btn-block tutor-open-login-modal\">Enroll Course<\/a><\/div><\/div>\n\t\t<\/div>\n\t<\/div>\n<\/div>\n\t\t\t\t<\/div>\n\t\t\t\t\t\t\t<div class=\"etlms-course-list-col\">\n\t\t\t\t\t<div class=\"tutor-card tutor-course-card tutor-loop-course-container  etlms-has-hover-animation\">\n\t<div class=\"tutor-row tutor-gx-0\">\n\t\t<div class=\"tutor-col-lg-4\">\n\t\t\t        <div class=\"tutor-course-thumbnail\">\n        <a href=\"https:\/\/voyoger.eu\/fr\/?p=9374\" class=\"tutor-d-block\">\n            <div class=\"tutor-ratio tutor-ratio-4x3\">\n                <img decoding=\"async\" class=\"tutor-card-image-top\" src=\"https:\/\/voyoger.eu\/wp-content\/uploads\/2025\/11\/WhatsApp-Image-2025-11-03-at-15.48.50.jpeg\" alt=\"Bo\u00eete \u00e0 outils pour l&#8217;environnement et les changements climatiques\" loading=\"lazy\">\n            <\/div>\n        <\/a>\n    <\/div>\n\t\t<\/div>\n\n\t\t<div class=\"tutor-col-lg-8 tutor-d-flex tutor-flex-column\">\n\t\t\t<div class=\"tutor-card-body\">\n\t\t\t\t<h3 class=\"tutor-course-name tutor-fs-5 tutor-fw-medium tutor-mb-12\" title=\"Bo\u00eete \u00e0 outils pour l&#8217;environnement et les changements climatiques\">\n    <a href=\"https:\/\/voyoger.eu\/fr\/?p=9374\">Bo\u00eete \u00e0 outils pour l&#8217;environnement et les changements climatiques<\/a>\n<\/h3>\n\t\t\t<\/div>\n\n\t\t\t<div class=\"tutor-card-footer\">\n    <div class=\"tutor-course-list-btn\"><a href=\"https:\/\/voyoger.eu\/fr\/?p=9374\" class=\"tutor-btn tutor-btn-outline-primary tutor-btn-md tutor-btn-block tutor-open-login-modal\">Enroll Course<\/a><\/div><\/div>\n\t\t<\/div>\n\t<\/div>\n<\/div>\n\t\t\t\t<\/div>\n\t\t\t\t\t\t\t<div class=\"etlms-course-list-col\">\n\t\t\t\t\t<div class=\"tutor-card tutor-course-card tutor-loop-course-container  etlms-has-hover-animation\">\n\t<div class=\"tutor-row tutor-gx-0\">\n\t\t<div class=\"tutor-col-lg-4\">\n\t\t\t        <div class=\"tutor-course-thumbnail\">\n        <a href=\"https:\/\/voyoger.eu\/de\/?p=9375\" class=\"tutor-d-block\">\n            <div class=\"tutor-ratio tutor-ratio-4x3\">\n                <img decoding=\"async\" class=\"tutor-card-image-top\" src=\"https:\/\/voyoger.eu\/wp-content\/uploads\/2025\/11\/WhatsApp-Image-2025-11-03-at-15.48.50.jpeg\" alt=\"Environment and Climate Change Toolkit\" loading=\"lazy\">\n            <\/div>\n        <\/a>\n    <\/div>\n\t\t<\/div>\n\n\t\t<div class=\"tutor-col-lg-8 tutor-d-flex tutor-flex-column\">\n\t\t\t<div class=\"tutor-card-body\">\n\t\t\t\t<h3 class=\"tutor-course-name tutor-fs-5 tutor-fw-medium tutor-mb-12\" title=\"Environment and Climate Change Toolkit\">\n    <a href=\"https:\/\/voyoger.eu\/de\/?p=9375\">Environment and Climate Change Toolkit<\/a>\n<\/h3>\n\t\t\t<\/div>\n\n\t\t\t<div class=\"tutor-card-footer\">\n    <div class=\"tutor-course-list-btn\"><a href=\"https:\/\/voyoger.eu\/de\/?p=9375\" class=\"tutor-btn tutor-btn-outline-primary tutor-btn-md tutor-btn-block tutor-open-login-modal\">Enroll Course<\/a><\/div><\/div>\n\t\t<\/div>\n\t<\/div>\n<\/div>\n\t\t\t\t<\/div>\n\t\t\t\t\t\t\t<div class=\"etlms-course-list-col\">\n\t\t\t\t\t<div class=\"tutor-card tutor-course-card tutor-loop-course-container  etlms-has-hover-animation\">\n\t<div class=\"tutor-row tutor-gx-0\">\n\t\t<div class=\"tutor-col-lg-4\">\n\t\t\t        <div class=\"tutor-course-thumbnail\">\n        <a href=\"https:\/\/voyoger.eu\/el\/?p=9376\" class=\"tutor-d-block\">\n            <div class=\"tutor-ratio tutor-ratio-4x3\">\n                <img decoding=\"async\" class=\"tutor-card-image-top\" src=\"https:\/\/voyoger.eu\/wp-content\/uploads\/2025\/11\/WhatsApp-Image-2025-11-03-at-15.48.50.jpeg\" alt=\"Environment and Climate Change Toolkit\" loading=\"lazy\">\n            <\/div>\n        <\/a>\n    <\/div>\n\t\t<\/div>\n\n\t\t<div class=\"tutor-col-lg-8 tutor-d-flex tutor-flex-column\">\n\t\t\t<div class=\"tutor-card-body\">\n\t\t\t\t<h3 class=\"tutor-course-name tutor-fs-5 tutor-fw-medium tutor-mb-12\" title=\"Environment and Climate Change Toolkit\">\n    <a href=\"https:\/\/voyoger.eu\/el\/?p=9376\">Environment and Climate Change Toolkit<\/a>\n<\/h3>\n\t\t\t<\/div>\n\n\t\t\t<div class=\"tutor-card-footer\">\n    <div class=\"tutor-course-list-btn\"><a href=\"https:\/\/voyoger.eu\/el\/?p=9376\" class=\"tutor-btn tutor-btn-outline-primary tutor-btn-md tutor-btn-block tutor-open-login-modal\">Enroll Course<\/a><\/div><\/div>\n\t\t<\/div>\n\t<\/div>\n<\/div>\n\t\t\t\t<\/div>\n\t\t\t\t\t<\/div>\n\n\t\t\t\t\t\t\t<div class=\"etlms-course-list-pagination-wrap tutor-mt-32\">\n\t\t\t<div class=\"etlms-pagination prev-next\">\n\t\t\t\t\n\t\t\t\t\t\n\t\t\t\t\t\t<\/div>\n\t\t\t\t<\/div>\n<div class=\"tutor-modal tutor-login-modal\">\n\t<div class=\"tutor-modal-overlay\"><\/div>\n\t<div class=\"tutor-modal-window tutor-modal-window-sm\">\n\t\t<div class=\"tutor-modal-content tutor-modal-content-white\">\n\t\t\t<button class=\"tutor-iconic-btn tutor-modal-close-o\" data-tutor-modal-close>\n\t\t\t\t<span class=\"tutor-icon-times\" area-hidden=\"true\"><\/span>\n\t\t\t<\/button>\n\n\t\t\t<div class=\"tutor-modal-body\">\n\t\t\t\t<div class=\"tutor-py-48\">\n\t\t\t\t\t\t\t\t\t\t<div class=\"tutor-fs-4 tutor-fw-medium tutor-color-black tutor-mb-32\">Hi, Welcome back!<\/div>\n\t\t\t\t\t<form id=\"tutor-login-form\" method=\"post\">\n\t\t<input type=\"hidden\" id=\"_tutor_nonce\" name=\"_tutor_nonce\" value=\"61a4376576\" \/><input type=\"hidden\" name=\"_wp_http_referer\" value=\"\/tr\/wp-json\/wp\/v2\/pages\/569\" \/>\t<input type=\"hidden\" name=\"tutor_action\" value=\"tutor_user_login\" \/>\n\t<input type=\"hidden\" name=\"redirect_to\" value=\"https:\/\/voyoger.eu\/tr\/wp-json\/wp\/v2\/pages\/569\" \/>\n\n\t<div class=\"tutor-mb-20\">\n\t\t<input type=\"text\" class=\"tutor-form-control\" placeholder=\"Kullan\u0131c\u0131 Ad\u0131 veya E-Posta Adresi\" name=\"log\" value=\"\" size=\"20\" required\/>\n\t<\/div>\n\n\t<div class=\"tutor-mb-32\">\n\t\t<input type=\"password\" class=\"tutor-form-control\" placeholder=\"\u015eifre\" name=\"pwd\" value=\"\" size=\"20\" required\/>\n\t<\/div>\n\n\t<div class=\"tutor-login-error\"><\/div>\n\t\t\t<input type=\"hidden\" name=\"timezone\" value=\"+00:00\" \/>\n\t\t<script>\n\t\t\tdocument.addEventListener('DOMContentLoaded', function() {\n\t\t\t\tconst timezone = document.querySelector('input[name=\"timezone\"]');\n\t\t\t\tif ( timezone) {\n\t\t\t\t\tconst tz = Intl.DateTimeFormat().resolvedOptions().timeZone;\n\t\t\t\t\ttimezone.value = tz\n\t\t\t\t}\n\t\t\t});\n\t\t<\/script>\n\t\t\t<div class=\"tutor-d-flex tutor-justify-between tutor-align-center tutor-mb-40\">\n\t\t<div class=\"tutor-form-check\">\n\t\t\t<input id=\"tutor-login-agmnt-1\" type=\"checkbox\" class=\"tutor-form-check-input tutor-bg-black-40\" name=\"rememberme\" value=\"forever\" \/>\n\t\t\t<label for=\"tutor-login-agmnt-1\" class=\"tutor-fs-7 tutor-color-muted\">\n\t\t\t\tKeep me signed in\t\t\t<\/label>\n\t\t<\/div>\n\t\t<a href=\"https:\/\/voyoger.eu\/dashboard\/retrieve-password\" class=\"tutor-btn tutor-btn-ghost\">\n\t\t\tParolan\u0131z\u0131 m\u0131 unuttunuz?\t\t<\/a>\n\t<\/div>\n\n\t\t<button type=\"submit\" class=\"tutor-btn tutor-btn-primary tutor-btn-block\">\n\t\tSign In\t<\/button>\n\t\n\t\t\t\t\t<div class=\"tutor-text-center tutor-fs-6 tutor-color-secondary tutor-mt-20\">\n\t\t\tDon&#039;t have an account?&nbsp;\n\t\t\t<a href=\"https:\/\/voyoger.eu\/student-registration\/?redirect_to=https:\/\/voyoger.eu\/tr\/wp-json\/wp\/v2\/pages\/569\" class=\"tutor-btn tutor-btn-link\">\n\t\t\t\tRegister Now\t\t\t<\/a>\n\t\t<\/div>\n\t\t<\/form>\n<script>\n\tdocument.addEventListener('DOMContentLoaded', function() {\n\t\tvar { __ } = wp.i18n;\n\t\tvar loginModal = document.querySelector('.tutor-modal.tutor-login-modal');\n\t\tvar errors = [];\n\t\tif (loginModal && errors.length) {\n\t\t\tloginModal.classList.add('tutor-is-active');\n\t\t}\n\t});\n<\/script>\n\n\t\t\t\t\t\t\t\t\t<\/div>\n\t\t\t\t\t\t\t<\/div>\n\t\t<\/div>\n\t<\/div>\n<\/div>\n\t\t\t\t<\/div>\n\t\t\t\t<\/div>\n\t\t\t\t\t<\/div>\n\t\t\t\t<\/div>\n\t\t\t\t<\/div>\n\t\t","protected":false},"excerpt":{"rendered":"<p>E-\u00d6\u011frenme Giri\u015f Gen\u00e7lerin g\u00fcn\u00fcm\u00fcz\u00fcn \u00e7evresel ve iklimsel zorluklar\u0131n\u0131 ke\u015ffedip bu zorluklara kar\u015f\u0131 harekete ge\u00e7ebilecekleri&nbsp;Project Voyager e-\u00f6\u011frenme platformuna&nbsp;ho\u015f geldiniz !&nbsp;\u00c7evrimi\u00e7i program , s\u00fcrd\u00fcr\u00fclebilirlik, iklim de\u011fi\u015fikli\u011fi ve ye\u015fil uygulamalar\u0131 anlaman\u0131za yard\u0131mc\u0131 olmak i\u00e7in etkile\u015fimli dersler ve pratik etkinlikler sunan&nbsp;be\u015f temel \u00e7evresel tema&nbsp;etraf\u0131nda yap\u0131land\u0131r\u0131lm\u0131\u015ft\u0131r .&nbsp;Kurslara ba\u015flamadan \u00f6nce, kat\u0131l\u0131mc\u0131lar&nbsp;\u00e7evrimi\u00e7i kay\u0131t yapt\u0131rmaya&nbsp;ve mevcut bilgilerini kontrol etmek i\u00e7in&nbsp;k\u0131sa bir teste&nbsp;kat\u0131lmaya davet&#8230;<\/p>\n","protected":false},"author":1,"featured_media":0,"parent":0,"menu_order":0,"comment_status":"closed","ping_status":"closed","template":"","meta":[],"class_list":["post-569","page","type-page","status-publish","hentry"],"aioseo_notices":[],"_links":{"self":[{"href":"https:\/\/voyoger.eu\/tr\/wp-json\/wp\/v2\/pages\/569","targetHints":{"allow":["GET"]}}],"collection":[{"href":"https:\/\/voyoger.eu\/tr\/wp-json\/wp\/v2\/pages"}],"about":[{"href":"https:\/\/voyoger.eu\/tr\/wp-json\/wp\/v2\/types\/page"}],"author":[{"embeddable":true,"href":"https:\/\/voyoger.eu\/tr\/wp-json\/wp\/v2\/users\/1"}],"replies":[{"embeddable":true,"href":"https:\/\/voyoger.eu\/tr\/wp-json\/wp\/v2\/comments?post=569"}],"version-history":[{"count":12,"href":"https:\/\/voyoger.eu\/tr\/wp-json\/wp\/v2\/pages\/569\/revisions"}],"predecessor-version":[{"id":8863,"href":"https:\/\/voyoger.eu\/tr\/wp-json\/wp\/v2\/pages\/569\/revisions\/8863"}],"wp:attachment":[{"href":"https:\/\/voyoger.eu\/tr\/wp-json\/wp\/v2\/media?parent=569"}],"curies":[{"name":"wp","href":"https:\/\/api.w.org\/{rel}","templated":true}]}}