{"id":998,"date":"2025-08-30T13:07:25","date_gmt":"2025-08-30T13:07:25","guid":{"rendered":"https:\/\/voyoger.eu\/ortaklar\/"},"modified":"2025-08-30T13:27:47","modified_gmt":"2025-08-30T13:27:47","slug":"ortaklar","status":"publish","type":"page","link":"https:\/\/voyoger.eu\/tr\/ortaklar\/","title":{"rendered":"ORTAKLAR"},"content":{"rendered":"\t\t<div data-elementor-type=\"wp-page\" data-elementor-id=\"998\" class=\"elementor elementor-998\" data-elementor-post-type=\"page\">\n\t\t\t\t\t\t<section class=\"elementor-section elementor-top-section elementor-element elementor-element-42e0014 elementor-section-full_width elementor-section-height-default elementor-section-height-default\" data-id=\"42e0014\" data-element_type=\"section\" data-settings=\"{&quot;background_background&quot;:&quot;classic&quot;}\">\n\t\t\t\t\t\t\t<div class=\"elementor-background-overlay\"><\/div>\n\t\t\t\t\t\t\t<div class=\"elementor-container elementor-column-gap-no\">\n\t\t\t\t\t<div class=\"elementor-column elementor-col-100 elementor-top-column elementor-element elementor-element-63a2c83\" data-id=\"63a2c83\" data-element_type=\"column\">\n\t\t\t<div class=\"elementor-widget-wrap elementor-element-populated\">\n\t\t\t\t\t\t\t<\/div>\n\t\t<\/div>\n\t\t\t\t\t<\/div>\n\t\t<\/section>\n\t\t<div class=\"elementor-element elementor-element-3d1370c e-grid e-con-boxed e-con e-parent\" data-id=\"3d1370c\" data-element_type=\"container\">\n\t\t\t\t\t<div class=\"e-con-inner\">\n\t\t<div class=\"elementor-element elementor-element-ccc8c1d e-con-full e-flex e-con e-child\" data-id=\"ccc8c1d\" data-element_type=\"container\">\n\t\t\t\t<div class=\"elementor-element elementor-element-d7c1ea2 elementor-widget elementor-widget-image\" data-id=\"d7c1ea2\" data-element_type=\"widget\" data-widget_type=\"image.default\">\n\t\t\t\t<div class=\"elementor-widget-container\">\n\t\t\t\t\t\t\t\t\t\t\t\t\t\t\t<img decoding=\"async\" width=\"108\" height=\"70\" src=\"https:\/\/voyoger.eu\/wp-content\/uploads\/2025\/08\/Resim1.png\" class=\"attachment-large size-large wp-image-951\" alt=\"\" \/>\t\t\t\t\t\t\t\t\t\t\t\t\t\t\t<\/div>\n\t\t\t\t<\/div>\n\t\t\t\t<div class=\"elementor-element elementor-element-f03df00 elementor-widget elementor-widget-text-editor\" data-id=\"f03df00\" data-element_type=\"widget\" data-widget_type=\"text-editor.default\">\n\t\t\t\t<div class=\"elementor-widget-container\">\n\t\t\t\t\t\t\t\t\t<p><span lang=\"EN-US\">Ecocene, Fransa&#8217;n\u0131n Pau \u015fehrinde bulunan kar amac\u0131 g\u00fctmeyen bir dernektir. Bilim d\u00fcnyas\u0131na yak\u0131n olan dernek, \u00e7evre sorunlar\u0131 konusunda fark\u0131ndal\u0131k yaratmay\u0131 ama\u00e7lamaktad\u0131r. 20 y\u0131l\u0131 a\u015fk\u0131n bir s\u00fcredir, \u00e7ok disiplinli bir ekip okullar, i\u015fletmeler ve yerel y\u00f6netimlerle birlikte \u00e7al\u0131\u015fmaktad\u0131r. Ekip, yerel g\u00fcnl\u00fck uygulamalara uyarlanm\u0131\u015f eylem fikirleri ve somut \u00e7\u00f6z\u00fcmler \u00f6nermektedir. Ecoc\u00e8ne&#8217;nin ana hedefi, herkesin ya\u015fam ortam\u0131n\u0131n kalitesine biraz daha duyarl\u0131, sorumlu ve kat\u0131l\u0131mc\u0131 olmas\u0131n\u0131 sa\u011flamak ve b\u00f6ylece s\u00fcrd\u00fcr\u00fclebilir kalk\u0131nman\u0131n somut, yerel d\u00fczeyde uygulanmas\u0131na do\u011fru ilerlemektir.<\/span><\/p>\t\t\t\t\t\t\t\t<\/div>\n\t\t\t\t<\/div>\n\t\t\t\t<div class=\"elementor-element elementor-element-0b29730 elementor-align-justify elementor-widget elementor-widget-button\" data-id=\"0b29730\" data-element_type=\"widget\" data-widget_type=\"button.default\">\n\t\t\t\t<div class=\"elementor-widget-container\">\n\t\t\t\t\t\t\t\t\t<div class=\"elementor-button-wrapper\">\n\t\t\t\t\t<a class=\"elementor-button elementor-button-link elementor-size-sm\" href=\"http:\/\/www.ecocene.fr\">\n\t\t\t\t\t\t<span class=\"elementor-button-content-wrapper\">\n\t\t\t\t\t\t\t\t\t<span class=\"elementor-button-text\">Website<\/span>\n\t\t\t\t\t<\/span>\n\t\t\t\t\t<\/a>\n\t\t\t\t<\/div>\n\t\t\t\t\t\t\t\t<\/div>\n\t\t\t\t<\/div>\n\t\t\t\t<\/div>\n\t\t<div class=\"elementor-element elementor-element-09176d3 e-con-full e-flex e-con e-child\" data-id=\"09176d3\" data-element_type=\"container\">\n\t\t\t\t<div class=\"elementor-element elementor-element-9798480 elementor-widget elementor-widget-image\" data-id=\"9798480\" data-element_type=\"widget\" data-widget_type=\"image.default\">\n\t\t\t\t<div class=\"elementor-widget-container\">\n\t\t\t\t\t\t\t\t\t\t\t\t\t\t\t<img decoding=\"async\" width=\"150\" height=\"47\" src=\"https:\/\/voyoger.eu\/wp-content\/uploads\/2025\/08\/Resim2.png\" class=\"attachment-large size-large wp-image-957\" alt=\"\" \/>\t\t\t\t\t\t\t\t\t\t\t\t\t\t\t<\/div>\n\t\t\t\t<\/div>\n\t\t\t\t<div class=\"elementor-element elementor-element-4996cfa elementor-widget elementor-widget-text-editor\" data-id=\"4996cfa\" data-element_type=\"widget\" data-widget_type=\"text-editor.default\">\n\t\t\t\t<div class=\"elementor-widget-container\">\n\t\t\t\t\t\t\t\t\t<p><span lang=\"EN-US\">Balkan Yenilik\u00e7i Kalk\u0131nma Enstit\u00fcs\u00fc (BIID), Avrupa k\u00fclt\u00fcr ve e\u011fitim projelerinin geli\u015ftirilmesi ve y\u00f6netimi konusunda uzmanla\u015fm\u0131\u015ft\u0131r. Amac\u0131, yenilik\u00e7ili\u011fi art\u0131rmak (yeni e\u011fitim y\u00f6ntemleri, sonu\u00e7lar vb. yaratmak), ilham vermek (yeni fikirlerin yarat\u0131lmas\u0131na yard\u0131mc\u0131 olmak) ve yenilik\u00e7i fikirleri hayata ge\u00e7irmektir.<\/span><\/p>\t\t\t\t\t\t\t\t<\/div>\n\t\t\t\t<\/div>\n\t\t\t\t<div class=\"elementor-element elementor-element-76e66f5 elementor-align-justify elementor-widget elementor-widget-button\" data-id=\"76e66f5\" data-element_type=\"widget\" data-widget_type=\"button.default\">\n\t\t\t\t<div class=\"elementor-widget-container\">\n\t\t\t\t\t\t\t\t\t<div class=\"elementor-button-wrapper\">\n\t\t\t\t\t<a class=\"elementor-button elementor-button-link elementor-size-sm\" href=\"http:\/\/www.balkan.institute\">\n\t\t\t\t\t\t<span class=\"elementor-button-content-wrapper\">\n\t\t\t\t\t\t\t\t\t<span class=\"elementor-button-text\">Website<\/span>\n\t\t\t\t\t<\/span>\n\t\t\t\t\t<\/a>\n\t\t\t\t<\/div>\n\t\t\t\t\t\t\t\t<\/div>\n\t\t\t\t<\/div>\n\t\t\t\t<\/div>\n\t\t<div class=\"elementor-element elementor-element-0b9ba6a e-con-full e-flex e-con e-child\" data-id=\"0b9ba6a\" data-element_type=\"container\">\n\t\t\t\t<div class=\"elementor-element elementor-element-f01239a elementor-widget elementor-widget-image\" data-id=\"f01239a\" data-element_type=\"widget\" data-widget_type=\"image.default\">\n\t\t\t\t<div class=\"elementor-widget-container\">\n\t\t\t\t\t\t\t\t\t\t\t\t\t\t\t<img decoding=\"async\" width=\"91\" height=\"59\" src=\"https:\/\/voyoger.eu\/wp-content\/uploads\/2025\/08\/Resim3.png\" class=\"attachment-large size-large wp-image-963\" alt=\"\" \/>\t\t\t\t\t\t\t\t\t\t\t\t\t\t\t<\/div>\n\t\t\t\t<\/div>\n\t\t\t\t<div class=\"elementor-element elementor-element-9d0430c elementor-widget elementor-widget-text-editor\" data-id=\"9d0430c\" data-element_type=\"widget\" data-widget_type=\"text-editor.default\">\n\t\t\t\t<div class=\"elementor-widget-container\">\n\t\t\t\t\t\t\t\t\t<p><span lang=\"EN-US\">Avusturya E\u011fitim ve Sosyal \u0130novasyon Merkezi (ESICA), Avusturya&#8217;n\u0131n Viyana \u015fehrinde kurulmu\u015f bir sivil toplum ara\u015ft\u0131rma kurulu\u015fudur. ESICA, inovasyon yoluyla topluma etki eden sosyal, k\u00fclt\u00fcrel, e\u011fitim, \u00e7evre, gen\u00e7lik ve teknoloji ile ilgili projelerin ara\u015ft\u0131r\u0131lmas\u0131 ve uygulanmas\u0131nda faaliyet g\u00f6stermektedir. K\u00fcresel zorluklar\u0131n \u00fcstesinden gelmek i\u00e7in toplumsal olarak kabul g\u00f6ren ve s\u00fcrd\u00fcr\u00fclebilir inovasyonlar\u0131n tasarlanmas\u0131 ve yayg\u0131nla\u015ft\u0131r\u0131lmas\u0131na katk\u0131da bulunur; yenilik\u00e7i ara\u015ft\u0131rma, e\u011fitim ve dan\u0131\u015fmanl\u0131k hizmetleri sunar.<\/span><\/p>\t\t\t\t\t\t\t\t<\/div>\n\t\t\t\t<\/div>\n\t\t\t\t<div class=\"elementor-element elementor-element-223fd29 elementor-align-justify elementor-widget elementor-widget-button\" data-id=\"223fd29\" data-element_type=\"widget\" data-widget_type=\"button.default\">\n\t\t\t\t<div class=\"elementor-widget-container\">\n\t\t\t\t\t\t\t\t\t<div class=\"elementor-button-wrapper\">\n\t\t\t\t\t<a class=\"elementor-button elementor-button-link elementor-size-sm\" href=\"http:\/\/www.esica-wien.at\">\n\t\t\t\t\t\t<span class=\"elementor-button-content-wrapper\">\n\t\t\t\t\t\t\t\t\t<span class=\"elementor-button-text\">Website<\/span>\n\t\t\t\t\t<\/span>\n\t\t\t\t\t<\/a>\n\t\t\t\t<\/div>\n\t\t\t\t\t\t\t\t<\/div>\n\t\t\t\t<\/div>\n\t\t\t\t<\/div>\n\t\t<div class=\"elementor-element elementor-element-a2eefd0 e-con-full e-flex e-con e-child\" data-id=\"a2eefd0\" data-element_type=\"container\">\n\t\t\t\t<div class=\"elementor-element elementor-element-3a73193 elementor-widget elementor-widget-image\" data-id=\"3a73193\" data-element_type=\"widget\" data-widget_type=\"image.default\">\n\t\t\t\t<div class=\"elementor-widget-container\">\n\t\t\t\t\t\t\t\t\t\t\t\t\t\t\t<img loading=\"lazy\" decoding=\"async\" width=\"147\" height=\"54\" src=\"https:\/\/voyoger.eu\/wp-content\/uploads\/2025\/08\/Resim4.png\" class=\"attachment-large size-large wp-image-969\" alt=\"\" \/>\t\t\t\t\t\t\t\t\t\t\t\t\t\t\t<\/div>\n\t\t\t\t<\/div>\n\t\t\t\t<div class=\"elementor-element elementor-element-dd2e5c8 elementor-widget elementor-widget-text-editor\" data-id=\"dd2e5c8\" data-element_type=\"widget\" data-widget_type=\"text-editor.default\">\n\t\t\t\t<div class=\"elementor-widget-container\">\n\t\t\t\t\t\t\t\t\t<p><span lang=\"EN-US\">Giri\u015fimcilik Geli\u015ftirme Enstit\u00fcs\u00fc (iED), 2005 y\u0131l\u0131nda kurulan ve inovasyonun te\u015fvik edilmesi ve giri\u015fimcilik ruhunun geli\u015ftirilmesine adanm\u0131\u015f bir ara\u015ft\u0131rma kurulu\u015fudur. Giri\u015fimcili\u011fi toplumlar\u0131n geli\u015fimi ve uyumu i\u00e7in hayati bir fakt\u00f6r olarak g\u00f6ren enstit\u00fc, istihdam\u0131 te\u015fvik etmekte ve sa\u011fl\u0131kl\u0131 giri\u015fimcili\u011fin b\u00fcy\u00fcmesini kolayla\u015ft\u0131ran yenilik\u00e7i \u00e7\u00f6z\u00fcmler sunmaktad\u0131r.<\/span><\/p>\t\t\t\t\t\t\t\t<\/div>\n\t\t\t\t<\/div>\n\t\t\t\t<div class=\"elementor-element elementor-element-3af77db elementor-align-justify elementor-widget elementor-widget-button\" data-id=\"3af77db\" data-element_type=\"widget\" data-widget_type=\"button.default\">\n\t\t\t\t<div class=\"elementor-widget-container\">\n\t\t\t\t\t\t\t\t\t<div class=\"elementor-button-wrapper\">\n\t\t\t\t\t<a class=\"elementor-button elementor-button-link elementor-size-sm\" href=\"http:\/\/www.ied.edu\">\n\t\t\t\t\t\t<span class=\"elementor-button-content-wrapper\">\n\t\t\t\t\t\t\t\t\t<span class=\"elementor-button-text\">Website<\/span>\n\t\t\t\t\t<\/span>\n\t\t\t\t\t<\/a>\n\t\t\t\t<\/div>\n\t\t\t\t\t\t\t\t<\/div>\n\t\t\t\t<\/div>\n\t\t\t\t<\/div>\n\t\t<div class=\"elementor-element elementor-element-b02c505 e-con-full e-flex e-con e-child\" data-id=\"b02c505\" data-element_type=\"container\">\n\t\t\t\t<div class=\"elementor-element elementor-element-31d3804 elementor-widget elementor-widget-image\" data-id=\"31d3804\" data-element_type=\"widget\" data-widget_type=\"image.default\">\n\t\t\t\t<div class=\"elementor-widget-container\">\n\t\t\t\t\t\t\t\t\t\t\t\t\t\t\t<img loading=\"lazy\" decoding=\"async\" width=\"159\" height=\"38\" src=\"https:\/\/voyoger.eu\/wp-content\/uploads\/2025\/08\/Resim5.png\" class=\"attachment-large size-large wp-image-975\" alt=\"\" \/>\t\t\t\t\t\t\t\t\t\t\t\t\t\t\t<\/div>\n\t\t\t\t<\/div>\n\t\t\t\t<div class=\"elementor-element elementor-element-027aa10 elementor-widget elementor-widget-text-editor\" data-id=\"027aa10\" data-element_type=\"widget\" data-widget_type=\"text-editor.default\">\n\t\t\t\t<div class=\"elementor-widget-container\">\n\t\t\t\t\t\t\t\t\t<p><span lang=\"EN-US\">Pistes-Solidaires, e\u011fitim ve aktif y\u00f6ntemlerin te\u015fvikine y\u00f6nelik bir sivil toplum kurulu\u015fudur. \u00c7\u00fcnk\u00fc biz, e\u011fitimin \u00e7ekici, somut ve okul d\u0131\u015f\u0131 ya\u015fama uygun olabilece\u011fine ve d\u00fcnyam\u0131z\u0131n sorunlar\u0131yla ba\u011flant\u0131l\u0131 olabilece\u011fine inan\u0131yoruz. Ve e\u011fitim bizim i\u00e7in ayn\u0131 zamanda dayan\u0131kl\u0131 olmay\u0131, sorumlu bir vatanda\u015f olmay\u0131, de\u011fi\u015fime uyum sa\u011flamay\u0131, k\u00fcresel nedenleri olan yerel sorunlar\u0131 belirlemeyi ve \u00e7\u00f6zmeyi, di\u011fer k\u00fclt\u00fcrleri sayg\u0131yla kar\u015f\u0131lamay\u0131 ve bar\u0131\u015f\u00e7\u0131l ve s\u00fcrd\u00fcr\u00fclebilir bir toplum in\u015fa etmeyi \u00f6\u011frenmektir.<\/span><\/p>\t\t\t\t\t\t\t\t<\/div>\n\t\t\t\t<\/div>\n\t\t\t\t<div class=\"elementor-element elementor-element-d5d597c elementor-align-justify elementor-widget elementor-widget-button\" data-id=\"d5d597c\" data-element_type=\"widget\" data-widget_type=\"button.default\">\n\t\t\t\t<div class=\"elementor-widget-container\">\n\t\t\t\t\t\t\t\t\t<div class=\"elementor-button-wrapper\">\n\t\t\t\t\t<a class=\"elementor-button elementor-button-link elementor-size-sm\" href=\"http:\/\/www.pistes-solidaire.fr\">\n\t\t\t\t\t\t<span class=\"elementor-button-content-wrapper\">\n\t\t\t\t\t\t\t\t\t<span class=\"elementor-button-text\">Website<\/span>\n\t\t\t\t\t<\/span>\n\t\t\t\t\t<\/a>\n\t\t\t\t<\/div>\n\t\t\t\t\t\t\t\t<\/div>\n\t\t\t\t<\/div>\n\t\t\t\t<\/div>\n\t\t<div class=\"elementor-element elementor-element-a69a826 e-con-full e-flex e-con e-child\" data-id=\"a69a826\" data-element_type=\"container\">\n\t\t\t\t<div class=\"elementor-element elementor-element-72ed4f2 elementor-widget elementor-widget-image\" data-id=\"72ed4f2\" data-element_type=\"widget\" data-widget_type=\"image.default\">\n\t\t\t\t<div class=\"elementor-widget-container\">\n\t\t\t\t\t\t\t\t\t\t\t\t\t\t\t<img loading=\"lazy\" decoding=\"async\" width=\"245\" height=\"281\" src=\"https:\/\/voyoger.eu\/wp-content\/uploads\/2025\/08\/Resim6.png\" class=\"attachment-large size-large wp-image-981\" alt=\"\" \/>\t\t\t\t\t\t\t\t\t\t\t\t\t\t\t<\/div>\n\t\t\t\t<\/div>\n\t\t\t\t<div class=\"elementor-element elementor-element-0aa1b5b elementor-widget elementor-widget-text-editor\" data-id=\"0aa1b5b\" data-element_type=\"widget\" data-widget_type=\"text-editor.default\">\n\t\t\t\t<div class=\"elementor-widget-container\">\n\t\t\t\t\t\t\t\t\t<p><span lang=\"EN-US\">Avrasya Ara\u015ft\u0131rma ve Geli\u015ftirme Enstit\u00fcs\u00fc Derne\u011fi, T\u00fcrkiye&#8217;nin Bursa \u015fehrinde bulunan, gen\u00e7 bireylerin daha dijital ve \u00e7evre dostu bir gelece\u011fe ge\u00e7i\u015fte \u00f6nc\u00fc rol \u00fcstlenmelerini sa\u011flamay\u0131 ama\u00e7layan, sivil toplum kurulu\u015fu niteli\u011finde, kar amac\u0131 g\u00fctmeyen bir kurulu\u015ftur. EURASIA, s\u00fcr\u00fckleyici teknolojiler, yenilik\u00e7i e\u011fitim programlar\u0131 ve e-\u00f6\u011frenme ara\u00e7lar\u0131 arac\u0131l\u0131\u011f\u0131yla \u00e7evre bilinci, ye\u015fil beceriler ve aktif vatanda\u015fl\u0131\u011f\u0131 te\u015fvik etmektedir. Dernek, s\u00fcrd\u00fcr\u00fclebilirlik e\u011fitimini dijital inovasyonla b\u00fct\u00fcnle\u015ftirerek gen\u00e7lerin bilgiyi somut eyleme d\u00f6n\u00fc\u015ft\u00fcrmelerine yard\u0131mc\u0131 olmaktad\u0131r. Bu sayede gen\u00e7ler, s\u00fcrd\u00fcr\u00fclebilir kalk\u0131nma ve iklim de\u011fi\u015fikli\u011fi i\u00e7in \u00e7\u00f6z\u00fcmler \u00f6\u011frenebilir, g\u00f6n\u00fcll\u00fc olabilir ve geli\u015ftirebilirler.<\/span><\/p>\t\t\t\t\t\t\t\t<\/div>\n\t\t\t\t<\/div>\n\t\t\t\t<div class=\"elementor-element elementor-element-a2fd4bb elementor-align-justify elementor-widget elementor-widget-button\" data-id=\"a2fd4bb\" data-element_type=\"widget\" data-widget_type=\"button.default\">\n\t\t\t\t<div class=\"elementor-widget-container\">\n\t\t\t\t\t\t\t\t\t<div class=\"elementor-button-wrapper\">\n\t\t\t\t\t<a class=\"elementor-button elementor-button-link elementor-size-sm\" href=\"https:\/\/eurasiavision.eu\/\">\n\t\t\t\t\t\t<span class=\"elementor-button-content-wrapper\">\n\t\t\t\t\t\t\t\t\t<span class=\"elementor-button-text\">Website<\/span>\n\t\t\t\t\t<\/span>\n\t\t\t\t\t<\/a>\n\t\t\t\t<\/div>\n\t\t\t\t\t\t\t\t<\/div>\n\t\t\t\t<\/div>\n\t\t\t\t<\/div>\n\t\t\t\t\t<\/div>\n\t\t\t\t<\/div>\n\t\t\t\t<\/div>\n\t\t","protected":false},"excerpt":{"rendered":"<p>Ecocene, Fransa&#8217;n\u0131n Pau \u015fehrinde bulunan kar amac\u0131 g\u00fctmeyen bir dernektir. Bilim d\u00fcnyas\u0131na yak\u0131n olan dernek, \u00e7evre sorunlar\u0131 konusunda fark\u0131ndal\u0131k yaratmay\u0131 ama\u00e7lamaktad\u0131r. 20 y\u0131l\u0131 a\u015fk\u0131n bir s\u00fcredir, \u00e7ok disiplinli bir ekip okullar, i\u015fletmeler ve yerel y\u00f6netimlerle birlikte \u00e7al\u0131\u015fmaktad\u0131r. Ekip, yerel g\u00fcnl\u00fck uygulamalara uyarlanm\u0131\u015f eylem fikirleri ve somut \u00e7\u00f6z\u00fcmler \u00f6nermektedir. Ecoc\u00e8ne&#8217;nin ana hedefi, herkesin ya\u015fam ortam\u0131n\u0131n kalitesine&#8230;<\/p>\n","protected":false},"author":13,"featured_media":0,"parent":0,"menu_order":0,"comment_status":"closed","ping_status":"closed","template":"","meta":[],"class_list":["post-998","page","type-page","status-publish","hentry"],"aioseo_notices":[],"_links":{"self":[{"href":"https:\/\/voyoger.eu\/tr\/wp-json\/wp\/v2\/pages\/998","targetHints":{"allow":["GET"]}}],"collection":[{"href":"https:\/\/voyoger.eu\/tr\/wp-json\/wp\/v2\/pages"}],"about":[{"href":"https:\/\/voyoger.eu\/tr\/wp-json\/wp\/v2\/types\/page"}],"author":[{"embeddable":true,"href":"https:\/\/voyoger.eu\/tr\/wp-json\/wp\/v2\/users\/13"}],"replies":[{"embeddable":true,"href":"https:\/\/voyoger.eu\/tr\/wp-json\/wp\/v2\/comments?post=998"}],"version-history":[{"count":3,"href":"https:\/\/voyoger.eu\/tr\/wp-json\/wp\/v2\/pages\/998\/revisions"}],"predecessor-version":[{"id":1010,"href":"https:\/\/voyoger.eu\/tr\/wp-json\/wp\/v2\/pages\/998\/revisions\/1010"}],"wp:attachment":[{"href":"https:\/\/voyoger.eu\/tr\/wp-json\/wp\/v2\/media?parent=998"}],"curies":[{"name":"wp","href":"https:\/\/api.w.org\/{rel}","templated":true}]}}